{"id":434,"date":"2023-10-21T02:58:26","date_gmt":"2023-10-21T02:58:26","guid":{"rendered":"http:\/\/localhost\/indostio\/?page_id=434"},"modified":"2025-06-03T14:51:38","modified_gmt":"2025-06-03T14:51:38","slug":"contact","status":"publish","type":"page","link":"https:\/\/ees.ma\/en_en\/contact\/","title":{"rendered":"Contact"},"content":{"rendered":"<div data-elementor-type=\"wp-page\" data-elementor-id=\"434\" class=\"elementor elementor-434\">\n\t\t\t\t<div class=\"elementor-element elementor-element-2f80930d e-flex e-con-boxed e-con e-parent\" data-id=\"2f80930d\" data-element_type=\"container\">\n\t\t\t\t\t<div class=\"e-con-inner\">\n\t\t\t\t<div class=\"elementor-element elementor-element-3ca8388c elementor-widget elementor-widget-slider_revolution\" data-id=\"3ca8388c\" data-element_type=\"widget\" data-widget_type=\"slider_revolution.default\">\n\t\t\t\t<div class=\"elementor-widget-container\">\n\t\t\t\t\t\n\t\t<div class=\"wp-block-themepunch-revslider\">\n\t\t\t\t<p class=\"rs-p-wp-fix\"><\/p>\n\t\t\t\t<sr7-module data-alias=\"home-v1-1\" data-id=\"3\" id=\"SR7_3_1\" class=\"rs-ov-hidden\" data-version=\"6.7.13\">\n\t\t\t\t\t<sr7-adjuster><\/sr7-adjuster>\n\t\t\t\t\t<sr7-content>\n\t\t\t\t\t\t<sr7-slide id=\"SR7_3_1-7\" data-key=\"7\">\n\t\t\t\t\t\t\t<sr7-bg id=\"SR7_3_1-7-13\" class=\"sr7-layer\"><noscript><img decoding=\"async\" src=\"https:\/\/ees.ma\/wp-content\/uploads\/2025\/06\/expansive-topdown-view-immersive-perspective-lush-grass-texture-scaled.jpg\" alt=\"\" title=\"Expansive Top-Down View Immersive Perspective of a Lush Grass Texture\"><\/noscript><\/sr7-bg>\n\t\t\t\t\t\t\t<sr7-txt id=\"SR7_3_1-7-7\" class=\"sr7-layer\">WE MAKE SUSTAINABILITY <br>A DRIVER OF PERFORMANCE<\/sr7-txt>\n\t\t\t\t\t\t\t<sr7-txt id=\"SR7_3_1-7-10\" class=\"sr7-layer\">01<\/sr7-txt>\n\t\t\t\t\t\t\t<sr7-txt id=\"SR7_3_1-7-11\" class=\"sr7-layer\">02<\/sr7-txt>\n\t\t\t\t\t\t\t<sr7-txt id=\"SR7_3_1-7-12\" class=\"sr7-layer\"><\/sr7-txt>\n\t\t\t\t\t\t<\/sr7-slide>\n\t\t\t\t\t\t<sr7-slide id=\"SR7_3_1-8\" data-key=\"8\">\n\t\t\t\t\t\t\t<sr7-bg id=\"SR7_3_1-8-13\" class=\"sr7-layer\"><noscript><img decoding=\"async\" src=\"https:\/\/ees.ma\/wp-content\/uploads\/2025\/06\/diverse-group-business-people-planning-business-marketing-with-environmental-responsibility-greener-ecology-productive-teamwork-contribute-natural-preservation-sustainable-future-quaint-1-scaled.jpg\" alt=\"\" title=\"Diverse group of business people planning Eco business marketing. Quaint\"><\/noscript><\/sr7-bg>\n\t\t\t\t\t\t\t<sr7-txt id=\"SR7_3_1-8-0\" class=\"sr7-layer\">Formations : <br>Building skills for a sustainable <br>and excellent future.<\/sr7-txt>\n\t\t\t\t\t\t\t<a id=\"SR7_3_1-8-1\" class=\"sr7-layer\" href=\"https:\/\/ees.ma\/en_en\/formations\/\" target=\"_self\">Read more <span class=\"indostio-svg-icon\" style=\"padding-left: 5px;font-size:80%\"> <svg xmlns=\"http:\/\/www.w3.org\/2000\/svg\" width=\"12\" height=\"12\" viewbox=\"0 0 12 12\" fill=\"none\"><path d=\"M11.3438 6.28125C11.5 6.125 11.5 5.90625 11.3438 5.75L6.78125 1.125C6.625 0.96875 6.375 0.96875 6.25 1.125L5.625 1.75C5.46875 1.875 5.46875 2.125 5.625 2.28125L9.3125 6L5.625 9.75C5.46875 9.90625 5.46875 10.125 5.625 10.2812L6.25 10.9062C6.375 11.0625 6.625 11.0625 6.78125 10.9062L11.3438 6.28125ZM6.34375 5.75L1.78125 1.125C1.625 0.96875 1.375 0.96875 1.25 1.125L0.625 1.75C0.46875 1.875 0.46875 2.125 0.625 2.28125L4.3125 6L0.625 9.75C0.46875 9.90625 0.46875 10.125 0.625 10.2812L1.25 10.9062C1.375 11.0625 1.625 11.0625 1.78125 10.9062L6.34375 6.28125C6.5 6.125 6.5 5.90625 6.34375 5.75Z\" fill=\"currentColor\"><\/path><\/svg>\t\t\t<\/span><\/a>\n\t\t\t\t\t\t\t<sr7-txt id=\"SR7_3_1-8-10\" class=\"sr7-layer\">02<\/sr7-txt>\n\t\t\t\t\t\t\t<sr7-txt id=\"SR7_3_1-8-11\" class=\"sr7-layer\">02<\/sr7-txt>\n\t\t\t\t\t\t\t<sr7-txt id=\"SR7_3_1-8-12\" class=\"sr7-layer\"><\/sr7-txt>\n\t\t\t\t\t\t<\/sr7-slide>\n\t\t\t\t\t\t<sr7-slide id=\"SR7_3_1-11\" data-key=\"11\">\n\t\t\t\t\t\t\t<sr7-bg id=\"SR7_3_1-11-13\" class=\"sr7-layer\"><noscript><img decoding=\"async\" src=\"https:\/\/ees.ma\/wp-content\/uploads\/2025\/06\/2148576659.jpg\" alt=\"\" title=\"2148576659\"><\/noscript><\/sr7-bg>\n\t\t\t\t\t\t\t<sr7-txt id=\"SR7_3_1-11-0\" class=\"sr7-layer\">Consulting : <br>Guiding your path to<br> sustainability with impact.<\/sr7-txt>\n\t\t\t\t\t\t\t<a id=\"SR7_3_1-11-1\" class=\"sr7-layer\" href=\"https:\/\/ees.ma\/en_en\/consulting\/\" target=\"_self\">Read more <span class=\"indostio-svg-icon\" style=\"padding-left: 5px;font-size:80%\"> <svg xmlns=\"http:\/\/www.w3.org\/2000\/svg\" width=\"12\" height=\"12\" viewbox=\"0 0 12 12\" fill=\"none\"><path d=\"M11.3438 6.28125C11.5 6.125 11.5 5.90625 11.3438 5.75L6.78125 1.125C6.625 0.96875 6.375 0.96875 6.25 1.125L5.625 1.75C5.46875 1.875 5.46875 2.125 5.625 2.28125L9.3125 6L5.625 9.75C5.46875 9.90625 5.46875 10.125 5.625 10.2812L6.25 10.9062C6.375 11.0625 6.625 11.0625 6.78125 10.9062L11.3438 6.28125ZM6.34375 5.75L1.78125 1.125C1.625 0.96875 1.375 0.96875 1.25 1.125L0.625 1.75C0.46875 1.875 0.46875 2.125 0.625 2.28125L4.3125 6L0.625 9.75C0.46875 9.90625 0.46875 10.125 0.625 10.2812L1.25 10.9062C1.375 11.0625 1.625 11.0625 1.78125 10.9062L6.34375 6.28125C6.5 6.125 6.5 5.90625 6.34375 5.75Z\" fill=\"currentColor\"><\/path><\/svg>\t\t\t<\/span><\/a>\n\t\t\t\t\t\t\t<sr7-txt id=\"SR7_3_1-11-10\" class=\"sr7-layer\">02<\/sr7-txt>\n\t\t\t\t\t\t\t<sr7-txt id=\"SR7_3_1-11-11\" class=\"sr7-layer\">02<\/sr7-txt>\n\t\t\t\t\t\t\t<sr7-txt id=\"SR7_3_1-11-12\" class=\"sr7-layer\"><\/sr7-txt>\n\t\t\t\t\t\t<\/sr7-slide>\n\t\t\t\t\t\t<sr7-slide id=\"SR7_3_1-12\" data-key=\"12\">\n\t\t\t\t\t\t\t<sr7-bg id=\"SR7_3_1-12-14\" class=\"sr7-layer\"><noscript><img decoding=\"async\" src=\"https:\/\/ees.ma\/wp-content\/uploads\/2025\/06\/ecofriendly-building-modern-city-sustainable-glass-office-building-with-tree-reducing-co2-scaled.jpg\" alt=\"\" title=\"Eco-friendly building in the modern city. Sustainable glass offi\"><\/noscript><\/sr7-bg>\n\t\t\t\t\t\t\t<sr7-txt id=\"SR7_3_1-12-0\" class=\"sr7-layer\">Building and GC: <br>Eco-engineering the <br>foundations of tomorrow.<\/sr7-txt>\n\t\t\t\t\t\t\t<a id=\"SR7_3_1-12-1\" class=\"sr7-layer\" href=\"https:\/\/ees.ma\/en_en\/batiment-genie-civil\/\" target=\"_self\">Read more <span class=\"indostio-svg-icon\" style=\"padding-left: 5px;font-size:80%\"> <svg xmlns=\"http:\/\/www.w3.org\/2000\/svg\" width=\"12\" height=\"12\" viewbox=\"0 0 12 12\" fill=\"none\"><path d=\"M11.3438 6.28125C11.5 6.125 11.5 5.90625 11.3438 5.75L6.78125 1.125C6.625 0.96875 6.375 0.96875 6.25 1.125L5.625 1.75C5.46875 1.875 5.46875 2.125 5.625 2.28125L9.3125 6L5.625 9.75C5.46875 9.90625 5.46875 10.125 5.625 10.2812L6.25 10.9062C6.375 11.0625 6.625 11.0625 6.78125 10.9062L11.3438 6.28125ZM6.34375 5.75L1.78125 1.125C1.625 0.96875 1.375 0.96875 1.25 1.125L0.625 1.75C0.46875 1.875 0.46875 2.125 0.625 2.28125L4.3125 6L0.625 9.75C0.46875 9.90625 0.46875 10.125 0.625 10.2812L1.25 10.9062C1.375 11.0625 1.625 11.0625 1.78125 10.9062L6.34375 6.28125C6.5 6.125 6.5 5.90625 6.34375 5.75Z\" fill=\"currentColor\"><\/path><\/svg>\t\t\t<\/span><\/a>\n\t\t\t\t\t\t\t<sr7-txt id=\"SR7_3_1-12-10\" class=\"sr7-layer\">02<\/sr7-txt>\n\t\t\t\t\t\t\t<sr7-txt id=\"SR7_3_1-12-11\" class=\"sr7-layer\">02<\/sr7-txt>\n\t\t\t\t\t\t\t<sr7-txt id=\"SR7_3_1-12-12\" class=\"sr7-layer\"><\/sr7-txt>\n\t\t\t\t\t\t<\/sr7-slide>\n\t\t\t\t\t\t<sr7-slide id=\"SR7_3_1-9\" data-key=\"9\">\n\t\t\t\t\t\t<\/sr7-slide>\n\t\t\t\t\t<\/sr7-content>\n\t\t\t\t\t<image_lists style=\"display:none\">\n\t\t\t\t\t\t<img data-src=\"\/\/ees.ma\/wp-content\/uploads\/2025\/06\/Fichier-3@4x.png\" data-libid=\"4486\" data-lib=\"medialibrary\" title=\"Fichier-3@4x\" width=\"0\" height=\"0\" data-dbsrc=\"Ly9lZXMubWEvd3AtY29udGVudC91cGxvYWRzLzIwMjUvMDYvRmljaGllci0zQDR4LnBuZw==\"\/>\n\t\t\t\t\t\t<img data-src=\"\/\/ees.ma\/wp-content\/uploads\/2024\/12\/Fichier-2@4x.png\" data-libid=\"3888\" data-lib=\"medialibrary\" title=\"Fichier 2@4x\" width=\"0\" height=\"0\" data-dbsrc=\"Ly9lZXMubWEvd3AtY29udGVudC91cGxvYWRzLzIwMjQvMTIvRmljaGllci0yQDR4LnBuZw==\"\/>\n\t\t\t\t\t\t<img data-src=\"\/\/ees.ma\/wp-content\/uploads\/2024\/12\/Fichier-1@4x.png\" data-libid=\"3887\" data-lib=\"medialibrary\" title=\"Fichier 1@4x\" width=\"0\" height=\"0\" data-dbsrc=\"Ly9lZXMubWEvd3AtY29udGVudC91cGxvYWRzLzIwMjQvMTIvRmljaGllci0xQDR4LnBuZw==\"\/>\n\t\t\t\t\t\t<img loading=\"lazy\" data-src=\"\/\/ees.ma\/wp-content\/uploads\/2025\/06\/expansive-topdown-view-immersive-perspective-lush-grass-texture-scaled.jpg\" data-libid=\"4087\" data-lib=\"medialibrary\" title=\"Expansive Top-Down View Immersive Perspective of a Lush Grass Texture\" width=\"0\" height=\"0\" data-dbsrc=\"Ly9lZXMubWEvd3AtY29udGVudC91cGxvYWRzLzIwMjUvMDYvZXhwYW5zaXZlLXRvcGRvd24tdmlldy1pbW1lcnNpdmUtcGVyc3BlY3RpdmUtbHVzaC1ncmFzcy10ZXh0dXJlLXNjYWxlZC5qcGc=\"\/>\n\t\t\t\t\t\t<img loading=\"lazy\" data-src=\"\/\/ees.ma\/wp-content\/uploads\/2025\/06\/diverse-group-business-people-planning-business-marketing-with-environmental-responsibility-greener-ecology-productive-teamwork-contribute-natural-preservation-sustainable-future-quaint-1-scaled.jpg\" data-libid=\"3964\" data-lib=\"medialibrary\" title=\"Diverse group of business people planning Eco business marketing. Quaint\" width=\"0\" height=\"0\" data-dbsrc=\"Ly9lZXMubWEvd3AtY29udGVudC91cGxvYWRzLzIwMjUvMDYvZGl2ZXJzZS1ncm91cC1idXNpbmVzcy1wZW9wbGUtcGxhbm5pbmctYnVzaW5lc3MtbWFya2V0aW5nLXdpdGgtZW52aXJvbm1lbnRhbC1yZXNwb25zaWJpbGl0eS1ncmVlbmVyLWVjb2xvZ3ktcHJvZHVjdGl2ZS10ZWFtd29yay1jb250cmlidXRlLW5hdHVyYWwtcHJlc2VydmF0aW9uLXN1c3RhaW5hYmxlLWZ1dHVyZS1xdWFpbnQtMS1zY2FsZWQuanBn\"\/>\n\t\t\t\t\t\t<img loading=\"lazy\" data-src=\"\/\/ees.ma\/wp-content\/uploads\/2025\/06\/2148576659.jpg\" data-libid=\"3963\" data-lib=\"medialibrary\" title=\"2148576659\" width=\"0\" height=\"0\" data-dbsrc=\"Ly9lZXMubWEvd3AtY29udGVudC91cGxvYWRzLzIwMjUvMDYvMjE0ODU3NjY1OS5qcGc=\"\/>\n\t\t\t\t\t\t<img loading=\"lazy\" data-src=\"\/\/ees.ma\/wp-content\/uploads\/2025\/06\/ecofriendly-building-modern-city-sustainable-glass-office-building-with-tree-reducing-co2-scaled.jpg\" data-libid=\"3962\" data-lib=\"medialibrary\" title=\"Eco-friendly building in the modern city. Sustainable glass offi\" width=\"0\" height=\"0\" data-dbsrc=\"Ly9lZXMubWEvd3AtY29udGVudC91cGxvYWRzLzIwMjUvMDYvZWNvZnJpZW5kbHktYnVpbGRpbmctbW9kZXJuLWNpdHktc3VzdGFpbmFibGUtZ2xhc3Mtb2ZmaWNlLWJ1aWxkaW5nLXdpdGgtdHJlZS1yZWR1Y2luZy1jbzItc2NhbGVkLmpwZw==\"\/>\n\t\t\t\t\t<\/image_lists>\n\t\t\t\t<\/sr7-module>\n\t\t\t\t<script>\n\t\t\t\t\tSR7.PMH ??={}; SR7.PMH[\"SR7_3_1\"] = {cn:0,state:false,fn: function() { if (_tpt!==undefined && _tpt.prepareModuleHeight !== undefined) {  _tpt.prepareModuleHeight({id:\"SR7_3_1\",el:[750,750,750,500,400],type:'standard',shdw:'0',gh:[750,750,750,500,400],gw:[1200,1200,1200,778,480],vpt:['100px&#039;,&#039;100px&#039;,&#039;100px&#039;,&#039;100px&#039;,&#039;100px'],size:{fullWidth:true, fullHeight:false},mh:'0',onh:0,onw:0,bg:{color:'{\"orig\":\"transparent\",\"type\":\"solid\",\"string\":\"transparent\"}'}});   SR7.PMH[\"SR7_3_1\"].state=true;} else if((SR7.PMH[\"SR7_3_1\"].cn++)<100)\tsetTimeout( SR7.PMH[\"SR7_3_1\"].fn,19);}};SR7.PMH[\"SR7_3_1\" ].fn();\n\t\t\t\t<\/script>\n<\/div>\n\n\t\t\t\t\t\t<\/div>\n\t\t\t\t<\/div>\n\t\t\t\t\t<\/div>\n\t\t\t\t<\/div>\n\t\t<div class=\"elementor-element elementor-element-9c3234c e-grid e-con-boxed e-con e-parent\" data-id=\"9c3234c\" data-element_type=\"container\">\n\t\t\t\t\t<div class=\"e-con-inner\">\n\t\t<div class=\"elementor-element elementor-element-ba6d9be e-con-full e-flex e-con e-child\" data-id=\"ba6d9be\" data-element_type=\"container\">\n\t\t\t\t<div class=\"elementor-element elementor-element-af3d4f0 elementor-widget elementor-widget-indostio-heading\" data-id=\"af3d4f0\" data-element_type=\"widget\" data-widget_type=\"indostio-heading.default\">\n\t\t\t\t<div class=\"elementor-widget-container\">\n\t\t\t\t\t\t\t<div class=\"indostio-heading-elementor\">\r\n\t\t\t\t<h2 class=\"indostio-heading\">\r\n\t\t\t\t\tCall us!\t\t\t\t<\/h2>\r\n\t\t\t<\/div>\r\n\t\t\t\t\t\t<\/div>\n\t\t\t\t<\/div>\n\t\t\t\t<div class=\"elementor-element elementor-element-9666a58 indostio-icon-box__icon-alignment--left indostio-icon-box__vertical-align-middle indostio-icon-box__icon-position--left elementor-widget elementor-widget-indostio-icon-box\" data-id=\"9666a58\" data-element_type=\"widget\" data-widget_type=\"indostio-icon-box.default\">\n\t\t\t\t<div class=\"elementor-widget-container\">\n\t\t\t\t\t\t\t<div class=\"indostio-icon-box no-desc icon-type-icon\">\r\n\t\t\t\t\t\t\t\t\t\t<div class=\"indostio-icon-box__icon\">\r\n\t\t\t\t\t<span class=\"indostio-svg-icon\"><svg aria-hidden=\"true\" class=\"e-font-icon-svg e-far-address-card\" viewbox=\"0 0 576 512\" xmlns=\"http:\/\/www.w3.org\/2000\/svg\"><path d=\"M528 32H48C21.5 32 0 53.5 0 80v352c0 26.5 21.5 48 48 48h480c26.5 0 48-21.5 48-48V80c0-26.5-21.5-48-48-48zm0 400H48V80h480v352zM208 256c35.3 0 64-28.7 64-64s-28.7-64-64-64-64 28.7-64 64 28.7 64 64 64zm-89.6 128h179.2c12.4 0 22.4-8.6 22.4-19.2v-19.2c0-31.8-30.1-57.6-67.2-57.6-10.8 0-18.7 8-44.8 8-26.9 0-33.4-8-44.8-8-37.1 0-67.2 25.8-67.2 57.6v19.2c0 10.6 10 19.2 22.4 19.2zM360 320h112c4.4 0 8-3.6 8-8v-16c0-4.4-3.6-8-8-8H360c-4.4 0-8 3.6-8 8v16c0 4.4 3.6 8 8 8zm0-64h112c4.4 0 8-3.6 8-8v-16c0-4.4-3.6-8-8-8H360c-4.4 0-8 3.6-8 8v16c0 4.4 3.6 8 8 8zm0-64h112c4.4 0 8-3.6 8-8v-16c0-4.4-3.6-8-8-8H360c-4.4 0-8 3.6-8 8v16c0 4.4 3.6 8 8 8z\"><\/path><\/svg><\/span>\t\t\t\t<\/div>\r\n\t\t\t\t\t\t<div class=\"indostio-icon-box__wrapper\">\r\n\t\t\t\t\t\t\t\t\t<h6 class=\"indostio-icon-box__title\">Boulevard Lalla Yacout 39 1st floor, Apt 1 \u2013 Casablanca\u200b<\/h6>\r\n\t\t\t\t\t\t\t\t\t\t\t\t\t\t\t<\/div>\r\n\t\t<\/div>\r\n\t\t\t\t\t\t<\/div>\n\t\t\t\t<\/div>\n\t\t\t\t<div class=\"elementor-element elementor-element-9d954c6 indostio-icon-box__icon-alignment--left indostio-icon-box__vertical-align-middle indostio-icon-box__icon-position--left elementor-widget elementor-widget-indostio-icon-box\" data-id=\"9d954c6\" data-element_type=\"widget\" data-widget_type=\"indostio-icon-box.default\">\n\t\t\t\t<div class=\"elementor-widget-container\">\n\t\t\t\t\t\t\t<div class=\"indostio-icon-box no-desc icon-type-icon\">\r\n\t\t\t\t\t\t\t\t\t\t<div class=\"indostio-icon-box__icon\">\r\n\t\t\t\t\t<span class=\"indostio-svg-icon\"><svg aria-hidden=\"true\" class=\"e-font-icon-svg e-far-comment-dots\" viewbox=\"0 0 512 512\" xmlns=\"http:\/\/www.w3.org\/2000\/svg\"><path d=\"M144 208c-17.7 0-32 14.3-32 32s14.3 32 32 32 32-14.3 32-32-14.3-32-32-32zm112 0c-17.7 0-32 14.3-32 32s14.3 32 32 32 32-14.3 32-32-14.3-32-32-32zm112 0c-17.7 0-32 14.3-32 32s14.3 32 32 32 32-14.3 32-32-14.3-32-32-32zM256 32C114.6 32 0 125.1 0 240c0 47.6 19.9 91.2 52.9 126.3C38 405.7 7 439.1 6.5 439.5c-6.6 7-8.4 17.2-4.6 26S14.4 480 24 480c61.5 0 110-25.7 139.1-46.3C192 442.8 223.2 448 256 448c141.4 0 256-93.1 256-208S397.4 32 256 32zm0 368c-26.7 0-53.1-4.1-78.4-12.1l-22.7-7.2-19.5 13.8c-14.3 10.1-33.9 21.4-57.5 29 7.3-12.1 14.4-25.7 19.9-40.2l10.6-28.1-20.6-21.8C69.7 314.1 48 282.2 48 240c0-88.2 93.3-160 208-160s208 71.8 208 160-93.3 160-208 160z\"><\/path><\/svg><\/span>\t\t\t\t<\/div>\r\n\t\t\t\t\t\t<div class=\"indostio-icon-box__wrapper\">\r\n\t\t\t\t\t\t\t\t\t<h6 class=\"indostio-icon-box__title\">contact@ees.ma<\/h6>\r\n\t\t\t\t\t\t\t\t\t\t\t\t\t\t\t<\/div>\r\n\t\t<\/div>\r\n\t\t\t\t\t\t<\/div>\n\t\t\t\t<\/div>\n\t\t\t\t<div class=\"elementor-element elementor-element-6005270 indostio-icon-box__icon-alignment--left indostio-icon-box__vertical-align-middle indostio-icon-box__icon-position--left elementor-widget elementor-widget-indostio-icon-box\" data-id=\"6005270\" data-element_type=\"widget\" data-widget_type=\"indostio-icon-box.default\">\n\t\t\t\t<div class=\"elementor-widget-container\">\n\t\t\t\t\t\t\t<div class=\"indostio-icon-box no-desc icon-type-icon\">\r\n\t\t\t\t\t\t\t\t\t\t<div class=\"indostio-icon-box__icon\">\r\n\t\t\t\t\t<span class=\"indostio-svg-icon\"><svg xmlns=\"http:\/\/www.w3.org\/2000\/svg\" width=\"13\" height=\"13\" viewbox=\"0 0 13 13\" fill=\"none\"><path d=\"M12.0547 1.50293L9.61719 0.94043C9.35938 0.870117 9.07812 1.01074 8.96094 1.26855L7.83594 3.89355C7.74219 4.12793 7.8125 4.38574 8 4.5498L9.42969 5.72168C8.58594 7.50293 7.10938 9.00293 5.28125 9.87012L4.10938 8.44043C3.94531 8.25293 3.6875 8.18262 3.45312 8.27637L0.828125 9.40137C0.570312 9.51855 0.453125 9.7998 0.5 10.0576L1.0625 12.4951C1.13281 12.7529 1.34375 12.917 1.625 12.917C7.625 12.917 12.5 8.06543 12.5 2.04199C12.5 1.78418 12.3125 1.57324 12.0547 1.50293Z\" fill=\"currentColor\"><\/path><\/svg><\/span>\t\t\t\t<\/div>\r\n\t\t\t\t\t\t<div class=\"indostio-icon-box__wrapper\">\r\n\t\t\t\t\t\t\t\t\t<h6 class=\"indostio-icon-box__title\">+212 6 68 66 61 59<\/h6>\r\n\t\t\t\t\t\t\t\t\t\t\t\t\t\t\t<\/div>\r\n\t\t<\/div>\r\n\t\t\t\t\t\t<\/div>\n\t\t\t\t<\/div>\n\t\t\t\t<\/div>\n\t\t<div class=\"elementor-element elementor-element-e4b2658 e-con-full e-flex e-con e-child\" data-id=\"e4b2658\" data-element_type=\"container\" data-settings=\"{&quot;background_background&quot;:&quot;classic&quot;}\">\n\t\t\t\t<div class=\"elementor-element elementor-element-a75f9c0 elementor-widget elementor-widget-indostio-heading\" data-id=\"a75f9c0\" data-element_type=\"widget\" data-widget_type=\"indostio-heading.default\">\n\t\t\t\t<div class=\"elementor-widget-container\">\n\t\t\t\t\t\t\t<div class=\"indostio-heading-elementor\">\r\n\t\t\t\t<h6 class=\"indostio-heading\">\r\n\t\t\t\t\tContact us\t\t\t\t<\/h6>\r\n\t\t\t<\/div>\r\n\t\t\t\t\t\t<\/div>\n\t\t\t\t<\/div>\n\t\t\t\t<div class=\"elementor-element elementor-element-d2dca9d elementor-widget elementor-widget-text-editor\" data-id=\"d2dca9d\" data-element_type=\"widget\" data-widget_type=\"text-editor.default\">\n\t\t\t\t<div class=\"elementor-widget-container\">\n\t\t\t\t\t\t\t\t\tWe would love to hear from you! For any questions, suggestions, or information requests, please feel free to contact us. Our team is available to assist you.\t\t\t\t\t\t\t\t<\/div>\n\t\t\t\t<\/div>\n\t\t\t\t<div class=\"elementor-element elementor-element-c4c7fd6 elementor-widget elementor-widget-shortcode\" data-id=\"c4c7fd6\" data-element_type=\"widget\" data-widget_type=\"shortcode.default\">\n\t\t\t\t<div class=\"elementor-widget-container\">\n\t\t\t\t\t\t\t<div class=\"elementor-shortcode\">\n<div class=\"wpcf7 no-js\" id=\"wpcf7-f484-o1\" lang=\"en-US\" dir=\"ltr\" data-wpcf7-id=\"484\">\n<div class=\"screen-reader-response\"><p role=\"status\" aria-live=\"polite\" aria-atomic=\"true\"><\/p> <ul><\/ul><\/div>\n<form action=\"\/en_en\/wp-json\/wp\/v2\/pages\/434#wpcf7-f484-o1\" method=\"post\" class=\"wpcf7-form init\" aria-label=\"Contact form\" novalidate=\"novalidate\" data-status=\"init\" data-trp-original-action=\"\/en_en\/wp-json\/wp\/v2\/pages\/434#wpcf7-f484-o1\">\n<fieldset class=\"hidden-fields-container\"><input type=\"hidden\" name=\"_wpcf7\" value=\"484\" \/><input type=\"hidden\" name=\"_wpcf7_version\" value=\"6.1\" \/><input type=\"hidden\" name=\"_wpcf7_locale\" value=\"en_US\" \/><input type=\"hidden\" name=\"_wpcf7_unit_tag\" value=\"wpcf7-f484-o1\" \/><input type=\"hidden\" name=\"_wpcf7_container_post\" value=\"0\" \/><input type=\"hidden\" name=\"_wpcf7_posted_data_hash\" value=\"\" \/>\n<\/fieldset>\n<div class=\"indostio-contact-form\">\n\t<p><span class=\"wpcf7-form-control-wrap\" data-name=\"your-subject\"><select class=\"wpcf7-form-control wpcf7-select wpcf7-validates-as-required\" aria-required=\"true\" aria-invalid=\"false\" name=\"your-subject\"><option value=\"Consultation\">Consultation<\/option><option value=\"Devis\">Estimate<\/option><option value=\"Stage\">Internship<\/option><option value=\"Demande d&#039;emploi\">Job application<\/option><\/select><\/span>\n\t<\/p>\n\t<div class=\"indostio-col2\">\n\t\t<div class=\"col-1\">\n\t\t\t<p><span class=\"wpcf7-form-control-wrap\" data-name=\"your-name\"><input size=\"40\" maxlength=\"400\" class=\"wpcf7-form-control wpcf7-text wpcf7-validates-as-required\" aria-required=\"true\" aria-invalid=\"false\" placeholder=\"First and last name\" value=\"\" type=\"text\" name=\"your-name\" \/><\/span>\n\t\t\t<\/p>\n\t\t<\/div>\n\t\t<div class=\"col-2\">\n\t\t\t<p><span class=\"wpcf7-form-control-wrap\" data-name=\"your-email\"><input size=\"40\" maxlength=\"400\" class=\"wpcf7-form-control wpcf7-email wpcf7-validates-as-required wpcf7-text wpcf7-validates-as-email\" aria-required=\"true\" aria-invalid=\"false\" placeholder=\"Mail\" value=\"\" type=\"email\" name=\"your-email\" \/><\/span>\n\t\t\t<\/p>\n\t\t<\/div>\n\t\t<div class=\"col-1\">\n\t\t\t<p><span class=\"wpcf7-form-control-wrap\" data-name=\"your-phone\"><input size=\"40\" maxlength=\"400\" class=\"wpcf7-form-control wpcf7-text wpcf7-validates-as-required\" aria-required=\"true\" aria-invalid=\"false\" placeholder=\"Phone\" value=\"\" type=\"text\" name=\"your-phone\" \/><\/span>\n\t\t\t<\/p>\n\t\t<\/div>\n\t<\/div>\n\t<p><span class=\"wpcf7-form-control-wrap\" data-name=\"your-message\"><textarea cols=\"5\" rows=\"5\" maxlength=\"2000\" class=\"wpcf7-form-control wpcf7-textarea\" aria-invalid=\"false\" placeholder=\"Message\" name=\"your-message\"><\/textarea><\/span>\n\t<\/p>\n\t<p><span class=\"wpcf7-form-control-wrap\" data-name=\"checkbox-953\"><span class=\"wpcf7-form-control wpcf7-checkbox wpcf7-validates-as-required wpcf7-exclusive-checkbox\"><span class=\"wpcf7-list-item first last\"><label><input type=\"checkbox\" name=\"checkbox-953\" value=\"En soumettant, vous acceptez nos conditions et notre politique de confidentialit\u00e9\" \/><span class=\"wpcf7-list-item-label\">By submitting, you agree to our terms and privacy policy.<\/span><\/label><\/span><\/span><\/span>\n\t<\/p>\n\t<p><input class=\"wpcf7-form-control wpcf7-submit has-spinner\" type=\"submit\" value=\"Send\" \/>\n\t<\/p>\n<\/div><div class=\"wpcf7-response-output\" aria-hidden=\"true\"><\/div>\n<input type=\"hidden\" name=\"trp-form-language\" value=\"en_en\"\/><\/form>\n<\/div>\n<\/div>\n\t\t\t\t\t\t<\/div>\n\t\t\t\t<\/div>\n\t\t\t\t<\/div>\n\t\t\t\t\t<\/div>\n\t\t\t\t<\/div>\n\t\t\t\t<\/div>","protected":false},"excerpt":{"rendered":"<p>Appelez nous ! Avenue Lalla Yacout 39 1er \u00e9tage, Appt 1 \u2013 Casablanca\u200b contact@ees.ma +212 6 68 66 61 59 Contactez-nous Nous serions ravis de vous entendre ! Pour toute question, suggestion ou demande d&rsquo;information, n&rsquo;h\u00e9sitez pas \u00e0 nous contacter. Notre \u00e9quipe est \u00e0 votre disposition pour vous aider.<\/p>","protected":false},"author":1,"featured_media":0,"parent":0,"menu_order":0,"comment_status":"closed","ping_status":"closed","template":"","meta":{"footnotes":""},"class_list":["post-434","page","type-page","status-publish","hentry"],"jetpack_sharing_enabled":true,"_links":{"self":[{"href":"https:\/\/ees.ma\/en_en\/wp-json\/wp\/v2\/pages\/434","targetHints":{"allow":["GET"]}}],"collection":[{"href":"https:\/\/ees.ma\/en_en\/wp-json\/wp\/v2\/pages"}],"about":[{"href":"https:\/\/ees.ma\/en_en\/wp-json\/wp\/v2\/types\/page"}],"author":[{"embeddable":true,"href":"https:\/\/ees.ma\/en_en\/wp-json\/wp\/v2\/users\/1"}],"replies":[{"embeddable":true,"href":"https:\/\/ees.ma\/en_en\/wp-json\/wp\/v2\/comments?post=434"}],"version-history":[{"count":38,"href":"https:\/\/ees.ma\/en_en\/wp-json\/wp\/v2\/pages\/434\/revisions"}],"predecessor-version":[{"id":4381,"href":"https:\/\/ees.ma\/en_en\/wp-json\/wp\/v2\/pages\/434\/revisions\/4381"}],"wp:attachment":[{"href":"https:\/\/ees.ma\/en_en\/wp-json\/wp\/v2\/media?parent=434"}],"curies":[{"name":"wp","href":"https:\/\/api.w.org\/{rel}","templated":true}]}}