{"id":4212,"date":"2025-06-03T13:40:54","date_gmt":"2025-06-03T13:40:54","guid":{"rendered":"https:\/\/ees.ma\/?page_id=4212"},"modified":"2025-06-03T15:55:46","modified_gmt":"2025-06-03T15:55:46","slug":"temoignage","status":"publish","type":"page","link":"https:\/\/ees.ma\/en_en\/temoignage\/","title":{"rendered":"TEMOIGNAGE"},"content":{"rendered":"<div data-elementor-type=\"wp-page\" data-elementor-id=\"4212\" class=\"elementor elementor-4212\">\n\t\t\t\t<div class=\"elementor-element elementor-element-6ae332c e-flex e-con-boxed e-con e-parent\" data-id=\"6ae332c\" data-element_type=\"container\">\n\t\t\t\t\t<div class=\"e-con-inner\">\n\t\t\t\t<div class=\"elementor-element elementor-element-cd24664 elementor-widget elementor-widget-slider_revolution\" data-id=\"cd24664\" data-element_type=\"widget\" data-widget_type=\"slider_revolution.default\">\n\t\t\t\t<div class=\"elementor-widget-container\">\n\t\t\t\t\t\n\t\t<div class=\"wp-block-themepunch-revslider\">\n\t\t\t\t<p class=\"rs-p-wp-fix\"><\/p>\n\t\t\t\t<sr7-module data-alias=\"home-v1-1\" data-id=\"3\" id=\"SR7_3_1\" class=\"rs-ov-hidden\" data-version=\"6.7.13\">\n\t\t\t\t\t<sr7-adjuster><\/sr7-adjuster>\n\t\t\t\t\t<sr7-content>\n\t\t\t\t\t\t<sr7-slide id=\"SR7_3_1-7\" data-key=\"7\">\n\t\t\t\t\t\t\t<sr7-bg id=\"SR7_3_1-7-13\" class=\"sr7-layer\"><noscript><img decoding=\"async\" src=\"https:\/\/ees.ma\/wp-content\/uploads\/2025\/06\/expansive-topdown-view-immersive-perspective-lush-grass-texture-scaled.jpg\" alt=\"\" title=\"Expansive Top-Down View Immersive Perspective of a Lush Grass Texture\"><\/noscript><\/sr7-bg>\n\t\t\t\t\t\t\t<sr7-txt id=\"SR7_3_1-7-7\" class=\"sr7-layer\">WE MAKE SUSTAINABILITY <br>A DRIVER OF PERFORMANCE<\/sr7-txt>\n\t\t\t\t\t\t\t<sr7-txt id=\"SR7_3_1-7-10\" class=\"sr7-layer\">01<\/sr7-txt>\n\t\t\t\t\t\t\t<sr7-txt id=\"SR7_3_1-7-11\" class=\"sr7-layer\">02<\/sr7-txt>\n\t\t\t\t\t\t\t<sr7-txt id=\"SR7_3_1-7-12\" class=\"sr7-layer\"><\/sr7-txt>\n\t\t\t\t\t\t<\/sr7-slide>\n\t\t\t\t\t\t<sr7-slide id=\"SR7_3_1-8\" data-key=\"8\">\n\t\t\t\t\t\t\t<sr7-bg id=\"SR7_3_1-8-13\" class=\"sr7-layer\"><noscript><img decoding=\"async\" src=\"https:\/\/ees.ma\/wp-content\/uploads\/2025\/06\/diverse-group-business-people-planning-business-marketing-with-environmental-responsibility-greener-ecology-productive-teamwork-contribute-natural-preservation-sustainable-future-quaint-1-scaled.jpg\" alt=\"\" title=\"Diverse group of business people planning Eco business marketing. Quaint\"><\/noscript><\/sr7-bg>\n\t\t\t\t\t\t\t<sr7-txt id=\"SR7_3_1-8-0\" class=\"sr7-layer\">Formations : <br>Building skills for a sustainable <br>and excellent future.<\/sr7-txt>\n\t\t\t\t\t\t\t<a id=\"SR7_3_1-8-1\" class=\"sr7-layer\" href=\"https:\/\/ees.ma\/en_en\/formations\/\" target=\"_self\">Read more <span class=\"indostio-svg-icon\" style=\"padding-left: 5px;font-size:80%\"> <svg xmlns=\"http:\/\/www.w3.org\/2000\/svg\" width=\"12\" height=\"12\" viewbox=\"0 0 12 12\" fill=\"none\"><path d=\"M11.3438 6.28125C11.5 6.125 11.5 5.90625 11.3438 5.75L6.78125 1.125C6.625 0.96875 6.375 0.96875 6.25 1.125L5.625 1.75C5.46875 1.875 5.46875 2.125 5.625 2.28125L9.3125 6L5.625 9.75C5.46875 9.90625 5.46875 10.125 5.625 10.2812L6.25 10.9062C6.375 11.0625 6.625 11.0625 6.78125 10.9062L11.3438 6.28125ZM6.34375 5.75L1.78125 1.125C1.625 0.96875 1.375 0.96875 1.25 1.125L0.625 1.75C0.46875 1.875 0.46875 2.125 0.625 2.28125L4.3125 6L0.625 9.75C0.46875 9.90625 0.46875 10.125 0.625 10.2812L1.25 10.9062C1.375 11.0625 1.625 11.0625 1.78125 10.9062L6.34375 6.28125C6.5 6.125 6.5 5.90625 6.34375 5.75Z\" fill=\"currentColor\"><\/path><\/svg>\t\t\t<\/span><\/a>\n\t\t\t\t\t\t\t<sr7-txt id=\"SR7_3_1-8-10\" class=\"sr7-layer\">02<\/sr7-txt>\n\t\t\t\t\t\t\t<sr7-txt id=\"SR7_3_1-8-11\" class=\"sr7-layer\">02<\/sr7-txt>\n\t\t\t\t\t\t\t<sr7-txt id=\"SR7_3_1-8-12\" class=\"sr7-layer\"><\/sr7-txt>\n\t\t\t\t\t\t<\/sr7-slide>\n\t\t\t\t\t\t<sr7-slide id=\"SR7_3_1-11\" data-key=\"11\">\n\t\t\t\t\t\t\t<sr7-bg id=\"SR7_3_1-11-13\" class=\"sr7-layer\"><noscript><img decoding=\"async\" src=\"https:\/\/ees.ma\/wp-content\/uploads\/2025\/06\/2148576659.jpg\" alt=\"\" title=\"2148576659\"><\/noscript><\/sr7-bg>\n\t\t\t\t\t\t\t<sr7-txt id=\"SR7_3_1-11-0\" class=\"sr7-layer\">Consulting : <br>Guiding your path to<br> sustainability with impact.<\/sr7-txt>\n\t\t\t\t\t\t\t<a id=\"SR7_3_1-11-1\" class=\"sr7-layer\" href=\"https:\/\/ees.ma\/en_en\/consulting\/\" target=\"_self\">Read more <span class=\"indostio-svg-icon\" style=\"padding-left: 5px;font-size:80%\"> <svg xmlns=\"http:\/\/www.w3.org\/2000\/svg\" width=\"12\" height=\"12\" viewbox=\"0 0 12 12\" fill=\"none\"><path d=\"M11.3438 6.28125C11.5 6.125 11.5 5.90625 11.3438 5.75L6.78125 1.125C6.625 0.96875 6.375 0.96875 6.25 1.125L5.625 1.75C5.46875 1.875 5.46875 2.125 5.625 2.28125L9.3125 6L5.625 9.75C5.46875 9.90625 5.46875 10.125 5.625 10.2812L6.25 10.9062C6.375 11.0625 6.625 11.0625 6.78125 10.9062L11.3438 6.28125ZM6.34375 5.75L1.78125 1.125C1.625 0.96875 1.375 0.96875 1.25 1.125L0.625 1.75C0.46875 1.875 0.46875 2.125 0.625 2.28125L4.3125 6L0.625 9.75C0.46875 9.90625 0.46875 10.125 0.625 10.2812L1.25 10.9062C1.375 11.0625 1.625 11.0625 1.78125 10.9062L6.34375 6.28125C6.5 6.125 6.5 5.90625 6.34375 5.75Z\" fill=\"currentColor\"><\/path><\/svg>\t\t\t<\/span><\/a>\n\t\t\t\t\t\t\t<sr7-txt id=\"SR7_3_1-11-10\" class=\"sr7-layer\">02<\/sr7-txt>\n\t\t\t\t\t\t\t<sr7-txt id=\"SR7_3_1-11-11\" class=\"sr7-layer\">02<\/sr7-txt>\n\t\t\t\t\t\t\t<sr7-txt id=\"SR7_3_1-11-12\" class=\"sr7-layer\"><\/sr7-txt>\n\t\t\t\t\t\t<\/sr7-slide>\n\t\t\t\t\t\t<sr7-slide id=\"SR7_3_1-12\" data-key=\"12\">\n\t\t\t\t\t\t\t<sr7-bg id=\"SR7_3_1-12-14\" class=\"sr7-layer\"><noscript><img decoding=\"async\" src=\"https:\/\/ees.ma\/wp-content\/uploads\/2025\/06\/ecofriendly-building-modern-city-sustainable-glass-office-building-with-tree-reducing-co2-scaled.jpg\" alt=\"\" title=\"Eco-friendly building in the modern city. Sustainable glass offi\"><\/noscript><\/sr7-bg>\n\t\t\t\t\t\t\t<sr7-txt id=\"SR7_3_1-12-0\" class=\"sr7-layer\">Building and GC: <br>Eco-engineering the <br>foundations of tomorrow.<\/sr7-txt>\n\t\t\t\t\t\t\t<a id=\"SR7_3_1-12-1\" class=\"sr7-layer\" href=\"https:\/\/ees.ma\/en_en\/batiment-genie-civil\/\" target=\"_self\">Read more <span class=\"indostio-svg-icon\" style=\"padding-left: 5px;font-size:80%\"> <svg xmlns=\"http:\/\/www.w3.org\/2000\/svg\" width=\"12\" height=\"12\" viewbox=\"0 0 12 12\" fill=\"none\"><path d=\"M11.3438 6.28125C11.5 6.125 11.5 5.90625 11.3438 5.75L6.78125 1.125C6.625 0.96875 6.375 0.96875 6.25 1.125L5.625 1.75C5.46875 1.875 5.46875 2.125 5.625 2.28125L9.3125 6L5.625 9.75C5.46875 9.90625 5.46875 10.125 5.625 10.2812L6.25 10.9062C6.375 11.0625 6.625 11.0625 6.78125 10.9062L11.3438 6.28125ZM6.34375 5.75L1.78125 1.125C1.625 0.96875 1.375 0.96875 1.25 1.125L0.625 1.75C0.46875 1.875 0.46875 2.125 0.625 2.28125L4.3125 6L0.625 9.75C0.46875 9.90625 0.46875 10.125 0.625 10.2812L1.25 10.9062C1.375 11.0625 1.625 11.0625 1.78125 10.9062L6.34375 6.28125C6.5 6.125 6.5 5.90625 6.34375 5.75Z\" fill=\"currentColor\"><\/path><\/svg>\t\t\t<\/span><\/a>\n\t\t\t\t\t\t\t<sr7-txt id=\"SR7_3_1-12-10\" class=\"sr7-layer\">02<\/sr7-txt>\n\t\t\t\t\t\t\t<sr7-txt id=\"SR7_3_1-12-11\" class=\"sr7-layer\">02<\/sr7-txt>\n\t\t\t\t\t\t\t<sr7-txt id=\"SR7_3_1-12-12\" class=\"sr7-layer\"><\/sr7-txt>\n\t\t\t\t\t\t<\/sr7-slide>\n\t\t\t\t\t\t<sr7-slide id=\"SR7_3_1-9\" data-key=\"9\">\n\t\t\t\t\t\t<\/sr7-slide>\n\t\t\t\t\t<\/sr7-content>\n\t\t\t\t\t<image_lists style=\"display:none\">\n\t\t\t\t\t\t<img data-src=\"\/\/ees.ma\/wp-content\/uploads\/2025\/06\/Fichier-3@4x.png\" data-libid=\"4486\" data-lib=\"medialibrary\" title=\"Fichier-3@4x\" width=\"0\" height=\"0\" data-dbsrc=\"Ly9lZXMubWEvd3AtY29udGVudC91cGxvYWRzLzIwMjUvMDYvRmljaGllci0zQDR4LnBuZw==\"\/>\n\t\t\t\t\t\t<img data-src=\"\/\/ees.ma\/wp-content\/uploads\/2024\/12\/Fichier-2@4x.png\" data-libid=\"3888\" data-lib=\"medialibrary\" title=\"Fichier 2@4x\" width=\"0\" height=\"0\" data-dbsrc=\"Ly9lZXMubWEvd3AtY29udGVudC91cGxvYWRzLzIwMjQvMTIvRmljaGllci0yQDR4LnBuZw==\"\/>\n\t\t\t\t\t\t<img data-src=\"\/\/ees.ma\/wp-content\/uploads\/2024\/12\/Fichier-1@4x.png\" data-libid=\"3887\" data-lib=\"medialibrary\" title=\"Fichier 1@4x\" width=\"0\" height=\"0\" data-dbsrc=\"Ly9lZXMubWEvd3AtY29udGVudC91cGxvYWRzLzIwMjQvMTIvRmljaGllci0xQDR4LnBuZw==\"\/>\n\t\t\t\t\t\t<img loading=\"lazy\" data-src=\"\/\/ees.ma\/wp-content\/uploads\/2025\/06\/expansive-topdown-view-immersive-perspective-lush-grass-texture-scaled.jpg\" data-libid=\"4087\" data-lib=\"medialibrary\" title=\"Expansive Top-Down View Immersive Perspective of a Lush Grass Texture\" width=\"0\" height=\"0\" data-dbsrc=\"Ly9lZXMubWEvd3AtY29udGVudC91cGxvYWRzLzIwMjUvMDYvZXhwYW5zaXZlLXRvcGRvd24tdmlldy1pbW1lcnNpdmUtcGVyc3BlY3RpdmUtbHVzaC1ncmFzcy10ZXh0dXJlLXNjYWxlZC5qcGc=\"\/>\n\t\t\t\t\t\t<img loading=\"lazy\" data-src=\"\/\/ees.ma\/wp-content\/uploads\/2025\/06\/diverse-group-business-people-planning-business-marketing-with-environmental-responsibility-greener-ecology-productive-teamwork-contribute-natural-preservation-sustainable-future-quaint-1-scaled.jpg\" data-libid=\"3964\" data-lib=\"medialibrary\" title=\"Diverse group of business people planning Eco business marketing. Quaint\" width=\"0\" height=\"0\" data-dbsrc=\"Ly9lZXMubWEvd3AtY29udGVudC91cGxvYWRzLzIwMjUvMDYvZGl2ZXJzZS1ncm91cC1idXNpbmVzcy1wZW9wbGUtcGxhbm5pbmctYnVzaW5lc3MtbWFya2V0aW5nLXdpdGgtZW52aXJvbm1lbnRhbC1yZXNwb25zaWJpbGl0eS1ncmVlbmVyLWVjb2xvZ3ktcHJvZHVjdGl2ZS10ZWFtd29yay1jb250cmlidXRlLW5hdHVyYWwtcHJlc2VydmF0aW9uLXN1c3RhaW5hYmxlLWZ1dHVyZS1xdWFpbnQtMS1zY2FsZWQuanBn\"\/>\n\t\t\t\t\t\t<img loading=\"lazy\" data-src=\"\/\/ees.ma\/wp-content\/uploads\/2025\/06\/2148576659.jpg\" data-libid=\"3963\" data-lib=\"medialibrary\" title=\"2148576659\" width=\"0\" height=\"0\" data-dbsrc=\"Ly9lZXMubWEvd3AtY29udGVudC91cGxvYWRzLzIwMjUvMDYvMjE0ODU3NjY1OS5qcGc=\"\/>\n\t\t\t\t\t\t<img loading=\"lazy\" data-src=\"\/\/ees.ma\/wp-content\/uploads\/2025\/06\/ecofriendly-building-modern-city-sustainable-glass-office-building-with-tree-reducing-co2-scaled.jpg\" data-libid=\"3962\" data-lib=\"medialibrary\" title=\"Eco-friendly building in the modern city. Sustainable glass offi\" width=\"0\" height=\"0\" data-dbsrc=\"Ly9lZXMubWEvd3AtY29udGVudC91cGxvYWRzLzIwMjUvMDYvZWNvZnJpZW5kbHktYnVpbGRpbmctbW9kZXJuLWNpdHktc3VzdGFpbmFibGUtZ2xhc3Mtb2ZmaWNlLWJ1aWxkaW5nLXdpdGgtdHJlZS1yZWR1Y2luZy1jbzItc2NhbGVkLmpwZw==\"\/>\n\t\t\t\t\t<\/image_lists>\n\t\t\t\t<\/sr7-module>\n\t\t\t\t<script>\n\t\t\t\t\tSR7.PMH ??={}; SR7.PMH[\"SR7_3_1\"] = {cn:0,state:false,fn: function() { if (_tpt!==undefined && _tpt.prepareModuleHeight !== undefined) {  _tpt.prepareModuleHeight({id:\"SR7_3_1\",el:[750,750,750,500,400],type:'standard',shdw:'0',gh:[750,750,750,500,400],gw:[1200,1200,1200,778,480],vpt:['100px&#039;,&#039;100px&#039;,&#039;100px&#039;,&#039;100px&#039;,&#039;100px'],size:{fullWidth:true, fullHeight:false},mh:'0',onh:0,onw:0,bg:{color:'{\"orig\":\"transparent\",\"type\":\"solid\",\"string\":\"transparent\"}'}});   SR7.PMH[\"SR7_3_1\"].state=true;} else if((SR7.PMH[\"SR7_3_1\"].cn++)<100)\tsetTimeout( SR7.PMH[\"SR7_3_1\"].fn,19);}};SR7.PMH[\"SR7_3_1\" ].fn();\n\t\t\t\t<\/script>\n<\/div>\n\n\t\t\t\t\t\t<\/div>\n\t\t\t\t<\/div>\n\t\t\t\t\t<\/div>\n\t\t\t\t<\/div>\n\t\t<div class=\"elementor-element elementor-element-6fd48c82 e-flex e-con-boxed e-con e-parent\" data-id=\"6fd48c82\" data-element_type=\"container\" data-settings=\"{&quot;background_background&quot;:&quot;classic&quot;}\">\n\t\t\t\t\t<div class=\"e-con-inner\">\n\t\t\t\t<div class=\"elementor-element elementor-element-b20e7d1 elementor-widget elementor-widget-indostio-section-title\" data-id=\"b20e7d1\" data-element_type=\"widget\" data-widget_type=\"indostio-section-title.default\">\n\t\t\t\t<div class=\"elementor-widget-container\">\n\t\t\t\t\t\t\t<div class=\"indostio-section-title\">\r\n\t\t\t\t<div class=\"indostio-section-title__content\">\r\n\t\t\t\t\t\t\t\t\t\t<h2 class=\"indostio-section-title_heading\">\r\n\t\t\t\t\t\tTestimonials\t\t\t\t\t<\/h2>\r\n\t\t\t\t\t\t\t\t\t\t\t<span class=\"indostio-section-title_text-effect indostio-section-title_text-effect--stroke\">Testimonials<\/span>\r\n\t\t\t\t\t\t\t\t\t<\/div>\r\n\t\t\t\t\t\t\t<\/div>\r\n\t\t\t\t\t\t<\/div>\n\t\t\t\t<\/div>\n\t\t<div class=\"elementor-element elementor-element-69b16725 e-con-full e-flex e-con e-child\" data-id=\"69b16725\" data-element_type=\"container\" data-settings=\"{&quot;background_background&quot;:&quot;classic&quot;}\">\n\t\t\t\t<div class=\"elementor-element elementor-element-5f09f2bb elementor-widget__width-initial elementor-widget-mobile__width-inherit elementor-widget elementor-widget-image\" data-id=\"5f09f2bb\" data-element_type=\"widget\" data-widget_type=\"image.default\">\n\t\t\t\t<div class=\"elementor-widget-container\">\n\t\t\t\t\t\t\t\t\t\t\t\t\t\t\t<img loading=\"lazy\" decoding=\"async\" width=\"215\" height=\"300\" src=\"https:\/\/ees.ma\/wp-content\/uploads\/2025\/06\/89954-215x300.jpg\" class=\"attachment-medium size-medium wp-image-4204\" alt=\"\" srcset=\"https:\/\/ees.ma\/wp-content\/uploads\/2025\/06\/89954-215x300.jpg 215w, https:\/\/ees.ma\/wp-content\/uploads\/2025\/06\/89954-735x1024.jpg 735w, https:\/\/ees.ma\/wp-content\/uploads\/2025\/06\/89954-768x1071.jpg 768w, https:\/\/ees.ma\/wp-content\/uploads\/2025\/06\/89954-600x836.jpg 600w, https:\/\/ees.ma\/wp-content\/uploads\/2025\/06\/89954.jpg 1076w\" sizes=\"(max-width: 215px) 100vw, 215px\" \/>\t\t\t\t\t\t\t\t\t\t\t\t\t\t\t<\/div>\n\t\t\t\t<\/div>\n\t\t\t\t<div class=\"elementor-element elementor-element-56a2b8cf elementor-widget__width-initial elementor-widget-mobile__width-inherit elementor-widget elementor-widget-indostio-testimonial-carousel\" data-id=\"56a2b8cf\" data-element_type=\"widget\" data-settings=\"{&quot;space_between&quot;:{&quot;unit&quot;:&quot;px&quot;,&quot;size&quot;:172,&quot;sizes&quot;:[]},&quot;slides_to_show&quot;:1,&quot;slides_to_scroll&quot;:1,&quot;navigation&quot;:&quot;dots&quot;,&quot;speed&quot;:800,&quot;space_between_tablet&quot;:{&quot;unit&quot;:&quot;px&quot;,&quot;size&quot;:&quot;&quot;,&quot;sizes&quot;:[]},&quot;space_between_mobile&quot;:{&quot;unit&quot;:&quot;px&quot;,&quot;size&quot;:&quot;&quot;,&quot;sizes&quot;:[]}}\" data-widget_type=\"indostio-testimonial-carousel.default\">\n\t\t\t\t<div class=\"elementor-widget-container\">\n\t\t\t\t\t\t\t<div class=\"indostio-testimonial-carousel--elementor indostio-carousel--elementor indostio-swiper-carousel-elementor indostio-carousel--swiper navigation-dots navigation-tablet-dots navigation-mobile-dots indostio-testimonial-carousel--align-left indostio-testimonial-carousel--footer-rows\">\r\n\t\t\t<div class=\"indostio-testimonial__list swiper-container\">\r\n\t\t\t\t<div class=\"indostio-testimonial__inner swiper-wrapper\">\r\n\t\t\t\t\t\t\t\t\t\t\t<div class=\"indostio-testimonial__item swiper-slide\">\r\n\t\t\t\t\t\t\t\t\t\t\t\t\t\t<div class=\"indostio-testimonial__content\">Working with EES has been a real turning point in the management of our urban development projects. Their expertise in civil engineering and urban planning has allowed us to optimize our resources while ensuring the sustainability of our infrastructure. The team has always been able to listen, propose solutions, and, above all, deliver on time. <\/div>\t\t\t\t\t\t\t<div class=\"indostio-testimonial__footer\">\r\n\t\t\t\t\t\t\t\t<div class=\"indostio-svg-icon\"><svg xmlns=\"http:\/\/www.w3.org\/2000\/svg\" width=\"70\" height=\"57\" viewbox=\"0 0 70 57\" fill=\"none\"><path d=\"M6.29213 52.005C2.35955 47.4286 0 42.436 0 34.1151C0 19.5536 9.83146 6.65622 23.5955 -0.000488281L27.1348 5.40809C14.1573 12.8969 11.4045 22.4659 10.618 28.7066C12.5843 27.4584 15.3371 27.0424 18.0899 27.4584C25.1685 28.2905 30.6742 34.1151 30.6742 42.02C30.6742 45.7644 29.1011 49.5088 26.7416 52.4211C23.9888 55.3334 20.8427 56.5815 16.9101 56.5815C12.5843 56.5815 8.65169 54.5013 6.29213 52.005ZM45.618 52.005C41.6854 47.4286 39.3258 42.436 39.3258 34.1151C39.3258 19.5536 49.1573 6.65622 62.9214 -0.000488281L66.4607 5.40809C53.4831 12.8969 50.7303 22.4659 49.9438 28.7066C51.9101 27.4584 54.6629 27.0424 57.4157 27.4584C64.4944 28.2905 70 34.1151 70 42.02C70 45.7644 68.427 49.5088 66.0674 52.4211C63.7079 55.3334 60.1685 56.5815 56.236 56.5815C51.9101 56.5815 47.9775 54.5013 45.618 52.005Z\" fill=\"currentColor\"><\/path><\/svg><\/div>\t\t\t\t\t\t\t\t<div class=\"indostio-testimonial__name\">E. Said, <\/div>\t\t\t\t\t\t\t\t<div class=\"indostio-testimonial__company\">HR Manager - Morocco<\/div>\t\t\t\t\t\t\t<\/div>\r\n\t\t\t\t\t\t<\/div>\r\n\t\t\t\t\t\t\t\t\t\t\t\t<div class=\"indostio-testimonial__item swiper-slide\">\r\n\t\t\t\t\t\t\t\t\t\t\t\t\t\t<div class=\"indostio-testimonial__content\">What sets EES apart is their ability to combine precision engineering with a sustainable vision. Thanks to their support, we were able to meet the most demanding environmental standards while improving our performance in the field. A reliable, competent, and committed partner. <\/div>\t\t\t\t\t\t\t<div class=\"indostio-testimonial__footer\">\r\n\t\t\t\t\t\t\t\t<div class=\"indostio-svg-icon\"><svg xmlns=\"http:\/\/www.w3.org\/2000\/svg\" width=\"70\" height=\"57\" viewbox=\"0 0 70 57\" fill=\"none\"><path d=\"M6.29213 52.005C2.35955 47.4286 0 42.436 0 34.1151C0 19.5536 9.83146 6.65622 23.5955 -0.000488281L27.1348 5.40809C14.1573 12.8969 11.4045 22.4659 10.618 28.7066C12.5843 27.4584 15.3371 27.0424 18.0899 27.4584C25.1685 28.2905 30.6742 34.1151 30.6742 42.02C30.6742 45.7644 29.1011 49.5088 26.7416 52.4211C23.9888 55.3334 20.8427 56.5815 16.9101 56.5815C12.5843 56.5815 8.65169 54.5013 6.29213 52.005ZM45.618 52.005C41.6854 47.4286 39.3258 42.436 39.3258 34.1151C39.3258 19.5536 49.1573 6.65622 62.9214 -0.000488281L66.4607 5.40809C53.4831 12.8969 50.7303 22.4659 49.9438 28.7066C51.9101 27.4584 54.6629 27.0424 57.4157 27.4584C64.4944 28.2905 70 34.1151 70 42.02C70 45.7644 68.427 49.5088 66.0674 52.4211C63.7079 55.3334 60.1685 56.5815 56.236 56.5815C51.9101 56.5815 47.9775 54.5013 45.618 52.005Z\" fill=\"currentColor\"><\/path><\/svg><\/div>\t\t\t\t\t\t\t\t<div class=\"indostio-testimonial__name\">D. Aboulaye <\/div>\t\t\t\t\t\t\t\t<div class=\"indostio-testimonial__company\">Mining company \u2013 Ivory Coast<\/div>\t\t\t\t\t\t\t<\/div>\r\n\t\t\t\t\t\t<\/div>\r\n\t\t\t\t\t\t\t\t\t\t\t\t<div class=\"indostio-testimonial__item swiper-slide\">\r\n\t\t\t\t\t\t\t\t\t\t\t\t\t\t<div class=\"indostio-testimonial__content\">We used EES to provide training for our engineers and technical managers. Their modules are clear, practical, and tailored to our current situation. Participants emerged enriched, equipped with concrete tools to implement immediately. <\/div>\t\t\t\t\t\t\t<div class=\"indostio-testimonial__footer\">\r\n\t\t\t\t\t\t\t\t<div class=\"indostio-svg-icon\"><svg xmlns=\"http:\/\/www.w3.org\/2000\/svg\" width=\"70\" height=\"57\" viewbox=\"0 0 70 57\" fill=\"none\"><path d=\"M6.29213 52.005C2.35955 47.4286 0 42.436 0 34.1151C0 19.5536 9.83146 6.65622 23.5955 -0.000488281L27.1348 5.40809C14.1573 12.8969 11.4045 22.4659 10.618 28.7066C12.5843 27.4584 15.3371 27.0424 18.0899 27.4584C25.1685 28.2905 30.6742 34.1151 30.6742 42.02C30.6742 45.7644 29.1011 49.5088 26.7416 52.4211C23.9888 55.3334 20.8427 56.5815 16.9101 56.5815C12.5843 56.5815 8.65169 54.5013 6.29213 52.005ZM45.618 52.005C41.6854 47.4286 39.3258 42.436 39.3258 34.1151C39.3258 19.5536 49.1573 6.65622 62.9214 -0.000488281L66.4607 5.40809C53.4831 12.8969 50.7303 22.4659 49.9438 28.7066C51.9101 27.4584 54.6629 27.0424 57.4157 27.4584C64.4944 28.2905 70 34.1151 70 42.02C70 45.7644 68.427 49.5088 66.0674 52.4211C63.7079 55.3334 60.1685 56.5815 56.236 56.5815C51.9101 56.5815 47.9775 54.5013 45.618 52.005Z\" fill=\"currentColor\"><\/path><\/svg><\/div>\t\t\t\t\t\t\t\t<div class=\"indostio-testimonial__name\"> L.Olivier<\/div>\t\t\t\t\t\t\t\t<div class=\"indostio-testimonial__company\">CES\u2013 SENEGAL<\/div>\t\t\t\t\t\t\t<\/div>\r\n\t\t\t\t\t\t<\/div>\r\n\t\t\t\t\t\t\t\t\t\t<\/div>\r\n\t\t\t<\/div>\r\n\t\t\t<div class=\"swiper-pagination\"><\/div>\r\n\t\t<\/div>\r\n\t\t\t\t\t\t<\/div>\n\t\t\t\t<\/div>\n\t\t\t\t<\/div>\n\t\t\t\t\t<\/div>\n\t\t\t\t<\/div>\n\t\t\t\t<\/div>","protected":false},"excerpt":{"rendered":"<p>T\u00e9moignages T\u00e9moignages Travailler avec EES a \u00e9t\u00e9 un v\u00e9ritable tournant dans la gestion de nos projets d\u2019am\u00e9nagement urbain. Leur expertise en g\u00e9nie civil et en planification urbaine nous a permis d\u2019optimiser nos ressources tout en assurant la durabilit\u00e9 de nos infrastructures. L\u2019\u00e9quipe a toujours su \u00e9couter, proposer et surtout livrer dans les d\u00e9lais. E. Said, [&hellip;]<\/p>","protected":false},"author":1,"featured_media":0,"parent":0,"menu_order":0,"comment_status":"closed","ping_status":"closed","template":"","meta":{"footnotes":""},"class_list":["post-4212","page","type-page","status-publish","hentry"],"jetpack_sharing_enabled":true,"_links":{"self":[{"href":"https:\/\/ees.ma\/en_en\/wp-json\/wp\/v2\/pages\/4212","targetHints":{"allow":["GET"]}}],"collection":[{"href":"https:\/\/ees.ma\/en_en\/wp-json\/wp\/v2\/pages"}],"about":[{"href":"https:\/\/ees.ma\/en_en\/wp-json\/wp\/v2\/types\/page"}],"author":[{"embeddable":true,"href":"https:\/\/ees.ma\/en_en\/wp-json\/wp\/v2\/users\/1"}],"replies":[{"embeddable":true,"href":"https:\/\/ees.ma\/en_en\/wp-json\/wp\/v2\/comments?post=4212"}],"version-history":[{"count":31,"href":"https:\/\/ees.ma\/en_en\/wp-json\/wp\/v2\/pages\/4212\/revisions"}],"predecessor-version":[{"id":4489,"href":"https:\/\/ees.ma\/en_en\/wp-json\/wp\/v2\/pages\/4212\/revisions\/4489"}],"wp:attachment":[{"href":"https:\/\/ees.ma\/en_en\/wp-json\/wp\/v2\/media?parent=4212"}],"curies":[{"name":"wp","href":"https:\/\/api.w.org\/{rel}","templated":true}]}}