{"id":3980,"date":"2025-06-01T20:32:29","date_gmt":"2025-06-01T20:32:29","guid":{"rendered":"https:\/\/ees.ma\/?page_id=3980"},"modified":"2025-08-12T14:45:29","modified_gmt":"2025-08-12T14:45:29","slug":"mot-du-directeur","status":"publish","type":"page","link":"https:\/\/ees.ma\/en_en\/mot-du-directeur\/","title":{"rendered":"Word from the Director"},"content":{"rendered":"<div data-elementor-type=\"wp-page\" data-elementor-id=\"3980\" class=\"elementor elementor-3980\">\n\t\t\t\t<div class=\"elementor-element elementor-element-1214b17e e-flex e-con-boxed e-con e-parent\" data-id=\"1214b17e\" data-element_type=\"container\">\n\t\t\t\t\t<div class=\"e-con-inner\">\n\t\t\t\t<div class=\"elementor-element elementor-element-64e300f1 elementor-widget elementor-widget-slider_revolution\" data-id=\"64e300f1\" data-element_type=\"widget\" data-widget_type=\"slider_revolution.default\">\n\t\t\t\t<div class=\"elementor-widget-container\">\n\t\t\t\t\t\n\t\t<div class=\"wp-block-themepunch-revslider\">\n\t\t\t\t<p class=\"rs-p-wp-fix\"><\/p>\n\t\t\t\t<sr7-module data-alias=\"home-v1-1\" data-id=\"3\" id=\"SR7_3_1\" class=\"rs-ov-hidden\" data-version=\"6.7.13\">\n\t\t\t\t\t<sr7-adjuster><\/sr7-adjuster>\n\t\t\t\t\t<sr7-content>\n\t\t\t\t\t\t<sr7-slide id=\"SR7_3_1-7\" data-key=\"7\">\n\t\t\t\t\t\t\t<sr7-bg id=\"SR7_3_1-7-13\" class=\"sr7-layer\"><noscript><img decoding=\"async\" src=\"https:\/\/ees.ma\/wp-content\/uploads\/2025\/06\/expansive-topdown-view-immersive-perspective-lush-grass-texture-scaled.jpg\" alt=\"\" title=\"Expansive Top-Down View Immersive Perspective of a Lush Grass Texture\"><\/noscript><\/sr7-bg>\n\t\t\t\t\t\t\t<sr7-txt id=\"SR7_3_1-7-7\" class=\"sr7-layer\">WE MAKE SUSTAINABILITY <br>A DRIVER OF PERFORMANCE<\/sr7-txt>\n\t\t\t\t\t\t\t<sr7-txt id=\"SR7_3_1-7-10\" class=\"sr7-layer\">01<\/sr7-txt>\n\t\t\t\t\t\t\t<sr7-txt id=\"SR7_3_1-7-11\" class=\"sr7-layer\">02<\/sr7-txt>\n\t\t\t\t\t\t\t<sr7-txt id=\"SR7_3_1-7-12\" class=\"sr7-layer\"><\/sr7-txt>\n\t\t\t\t\t\t<\/sr7-slide>\n\t\t\t\t\t\t<sr7-slide id=\"SR7_3_1-8\" data-key=\"8\">\n\t\t\t\t\t\t\t<sr7-bg id=\"SR7_3_1-8-13\" class=\"sr7-layer\"><noscript><img decoding=\"async\" src=\"https:\/\/ees.ma\/wp-content\/uploads\/2025\/06\/diverse-group-business-people-planning-business-marketing-with-environmental-responsibility-greener-ecology-productive-teamwork-contribute-natural-preservation-sustainable-future-quaint-1-scaled.jpg\" alt=\"\" title=\"Diverse group of business people planning Eco business marketing. Quaint\"><\/noscript><\/sr7-bg>\n\t\t\t\t\t\t\t<sr7-txt id=\"SR7_3_1-8-0\" class=\"sr7-layer\">Formations : <br>Building skills for a sustainable <br>and excellent future.<\/sr7-txt>\n\t\t\t\t\t\t\t<a id=\"SR7_3_1-8-1\" class=\"sr7-layer\" href=\"https:\/\/ees.ma\/en_en\/formations\/\" target=\"_self\">Read more <span class=\"indostio-svg-icon\" style=\"padding-left: 5px;font-size:80%\"> <svg xmlns=\"http:\/\/www.w3.org\/2000\/svg\" width=\"12\" height=\"12\" viewbox=\"0 0 12 12\" fill=\"none\"><path d=\"M11.3438 6.28125C11.5 6.125 11.5 5.90625 11.3438 5.75L6.78125 1.125C6.625 0.96875 6.375 0.96875 6.25 1.125L5.625 1.75C5.46875 1.875 5.46875 2.125 5.625 2.28125L9.3125 6L5.625 9.75C5.46875 9.90625 5.46875 10.125 5.625 10.2812L6.25 10.9062C6.375 11.0625 6.625 11.0625 6.78125 10.9062L11.3438 6.28125ZM6.34375 5.75L1.78125 1.125C1.625 0.96875 1.375 0.96875 1.25 1.125L0.625 1.75C0.46875 1.875 0.46875 2.125 0.625 2.28125L4.3125 6L0.625 9.75C0.46875 9.90625 0.46875 10.125 0.625 10.2812L1.25 10.9062C1.375 11.0625 1.625 11.0625 1.78125 10.9062L6.34375 6.28125C6.5 6.125 6.5 5.90625 6.34375 5.75Z\" fill=\"currentColor\"><\/path><\/svg>\t\t\t<\/span><\/a>\n\t\t\t\t\t\t\t<sr7-txt id=\"SR7_3_1-8-10\" class=\"sr7-layer\">02<\/sr7-txt>\n\t\t\t\t\t\t\t<sr7-txt id=\"SR7_3_1-8-11\" class=\"sr7-layer\">02<\/sr7-txt>\n\t\t\t\t\t\t\t<sr7-txt id=\"SR7_3_1-8-12\" class=\"sr7-layer\"><\/sr7-txt>\n\t\t\t\t\t\t<\/sr7-slide>\n\t\t\t\t\t\t<sr7-slide id=\"SR7_3_1-11\" data-key=\"11\">\n\t\t\t\t\t\t\t<sr7-bg id=\"SR7_3_1-11-13\" class=\"sr7-layer\"><noscript><img decoding=\"async\" src=\"https:\/\/ees.ma\/wp-content\/uploads\/2025\/06\/2148576659.jpg\" alt=\"\" title=\"2148576659\"><\/noscript><\/sr7-bg>\n\t\t\t\t\t\t\t<sr7-txt id=\"SR7_3_1-11-0\" class=\"sr7-layer\">Consulting : <br>Guiding your path to<br> sustainability with impact.<\/sr7-txt>\n\t\t\t\t\t\t\t<a id=\"SR7_3_1-11-1\" class=\"sr7-layer\" href=\"https:\/\/ees.ma\/en_en\/consulting\/\" target=\"_self\">Read more <span class=\"indostio-svg-icon\" style=\"padding-left: 5px;font-size:80%\"> <svg xmlns=\"http:\/\/www.w3.org\/2000\/svg\" width=\"12\" height=\"12\" viewbox=\"0 0 12 12\" fill=\"none\"><path d=\"M11.3438 6.28125C11.5 6.125 11.5 5.90625 11.3438 5.75L6.78125 1.125C6.625 0.96875 6.375 0.96875 6.25 1.125L5.625 1.75C5.46875 1.875 5.46875 2.125 5.625 2.28125L9.3125 6L5.625 9.75C5.46875 9.90625 5.46875 10.125 5.625 10.2812L6.25 10.9062C6.375 11.0625 6.625 11.0625 6.78125 10.9062L11.3438 6.28125ZM6.34375 5.75L1.78125 1.125C1.625 0.96875 1.375 0.96875 1.25 1.125L0.625 1.75C0.46875 1.875 0.46875 2.125 0.625 2.28125L4.3125 6L0.625 9.75C0.46875 9.90625 0.46875 10.125 0.625 10.2812L1.25 10.9062C1.375 11.0625 1.625 11.0625 1.78125 10.9062L6.34375 6.28125C6.5 6.125 6.5 5.90625 6.34375 5.75Z\" fill=\"currentColor\"><\/path><\/svg>\t\t\t<\/span><\/a>\n\t\t\t\t\t\t\t<sr7-txt id=\"SR7_3_1-11-10\" class=\"sr7-layer\">02<\/sr7-txt>\n\t\t\t\t\t\t\t<sr7-txt id=\"SR7_3_1-11-11\" class=\"sr7-layer\">02<\/sr7-txt>\n\t\t\t\t\t\t\t<sr7-txt id=\"SR7_3_1-11-12\" class=\"sr7-layer\"><\/sr7-txt>\n\t\t\t\t\t\t<\/sr7-slide>\n\t\t\t\t\t\t<sr7-slide id=\"SR7_3_1-12\" data-key=\"12\">\n\t\t\t\t\t\t\t<sr7-bg id=\"SR7_3_1-12-14\" class=\"sr7-layer\"><noscript><img decoding=\"async\" src=\"https:\/\/ees.ma\/wp-content\/uploads\/2025\/06\/ecofriendly-building-modern-city-sustainable-glass-office-building-with-tree-reducing-co2-scaled.jpg\" alt=\"\" title=\"Eco-friendly building in the modern city. Sustainable glass offi\"><\/noscript><\/sr7-bg>\n\t\t\t\t\t\t\t<sr7-txt id=\"SR7_3_1-12-0\" class=\"sr7-layer\">Building and GC: <br>Eco-engineering the <br>foundations of tomorrow.<\/sr7-txt>\n\t\t\t\t\t\t\t<a id=\"SR7_3_1-12-1\" class=\"sr7-layer\" href=\"https:\/\/ees.ma\/en_en\/batiment-genie-civil\/\" target=\"_self\">Read more <span class=\"indostio-svg-icon\" style=\"padding-left: 5px;font-size:80%\"> <svg xmlns=\"http:\/\/www.w3.org\/2000\/svg\" width=\"12\" height=\"12\" viewbox=\"0 0 12 12\" fill=\"none\"><path d=\"M11.3438 6.28125C11.5 6.125 11.5 5.90625 11.3438 5.75L6.78125 1.125C6.625 0.96875 6.375 0.96875 6.25 1.125L5.625 1.75C5.46875 1.875 5.46875 2.125 5.625 2.28125L9.3125 6L5.625 9.75C5.46875 9.90625 5.46875 10.125 5.625 10.2812L6.25 10.9062C6.375 11.0625 6.625 11.0625 6.78125 10.9062L11.3438 6.28125ZM6.34375 5.75L1.78125 1.125C1.625 0.96875 1.375 0.96875 1.25 1.125L0.625 1.75C0.46875 1.875 0.46875 2.125 0.625 2.28125L4.3125 6L0.625 9.75C0.46875 9.90625 0.46875 10.125 0.625 10.2812L1.25 10.9062C1.375 11.0625 1.625 11.0625 1.78125 10.9062L6.34375 6.28125C6.5 6.125 6.5 5.90625 6.34375 5.75Z\" fill=\"currentColor\"><\/path><\/svg>\t\t\t<\/span><\/a>\n\t\t\t\t\t\t\t<sr7-txt id=\"SR7_3_1-12-10\" class=\"sr7-layer\">02<\/sr7-txt>\n\t\t\t\t\t\t\t<sr7-txt id=\"SR7_3_1-12-11\" class=\"sr7-layer\">02<\/sr7-txt>\n\t\t\t\t\t\t\t<sr7-txt id=\"SR7_3_1-12-12\" class=\"sr7-layer\"><\/sr7-txt>\n\t\t\t\t\t\t<\/sr7-slide>\n\t\t\t\t\t\t<sr7-slide id=\"SR7_3_1-9\" data-key=\"9\">\n\t\t\t\t\t\t<\/sr7-slide>\n\t\t\t\t\t<\/sr7-content>\n\t\t\t\t\t<image_lists style=\"display:none\">\n\t\t\t\t\t\t<img data-src=\"\/\/ees.ma\/wp-content\/uploads\/2025\/06\/Fichier-3@4x.png\" data-libid=\"4486\" data-lib=\"medialibrary\" title=\"Fichier-3@4x\" width=\"0\" height=\"0\" data-dbsrc=\"Ly9lZXMubWEvd3AtY29udGVudC91cGxvYWRzLzIwMjUvMDYvRmljaGllci0zQDR4LnBuZw==\"\/>\n\t\t\t\t\t\t<img data-src=\"\/\/ees.ma\/wp-content\/uploads\/2024\/12\/Fichier-2@4x.png\" data-libid=\"3888\" data-lib=\"medialibrary\" title=\"Fichier 2@4x\" width=\"0\" height=\"0\" data-dbsrc=\"Ly9lZXMubWEvd3AtY29udGVudC91cGxvYWRzLzIwMjQvMTIvRmljaGllci0yQDR4LnBuZw==\"\/>\n\t\t\t\t\t\t<img data-src=\"\/\/ees.ma\/wp-content\/uploads\/2024\/12\/Fichier-1@4x.png\" data-libid=\"3887\" data-lib=\"medialibrary\" title=\"Fichier 1@4x\" width=\"0\" height=\"0\" data-dbsrc=\"Ly9lZXMubWEvd3AtY29udGVudC91cGxvYWRzLzIwMjQvMTIvRmljaGllci0xQDR4LnBuZw==\"\/>\n\t\t\t\t\t\t<img loading=\"lazy\" data-src=\"\/\/ees.ma\/wp-content\/uploads\/2025\/06\/expansive-topdown-view-immersive-perspective-lush-grass-texture-scaled.jpg\" data-libid=\"4087\" data-lib=\"medialibrary\" title=\"Expansive Top-Down View Immersive Perspective of a Lush Grass Texture\" width=\"0\" height=\"0\" data-dbsrc=\"Ly9lZXMubWEvd3AtY29udGVudC91cGxvYWRzLzIwMjUvMDYvZXhwYW5zaXZlLXRvcGRvd24tdmlldy1pbW1lcnNpdmUtcGVyc3BlY3RpdmUtbHVzaC1ncmFzcy10ZXh0dXJlLXNjYWxlZC5qcGc=\"\/>\n\t\t\t\t\t\t<img loading=\"lazy\" data-src=\"\/\/ees.ma\/wp-content\/uploads\/2025\/06\/diverse-group-business-people-planning-business-marketing-with-environmental-responsibility-greener-ecology-productive-teamwork-contribute-natural-preservation-sustainable-future-quaint-1-scaled.jpg\" data-libid=\"3964\" data-lib=\"medialibrary\" title=\"Diverse group of business people planning Eco business marketing. Quaint\" width=\"0\" height=\"0\" data-dbsrc=\"Ly9lZXMubWEvd3AtY29udGVudC91cGxvYWRzLzIwMjUvMDYvZGl2ZXJzZS1ncm91cC1idXNpbmVzcy1wZW9wbGUtcGxhbm5pbmctYnVzaW5lc3MtbWFya2V0aW5nLXdpdGgtZW52aXJvbm1lbnRhbC1yZXNwb25zaWJpbGl0eS1ncmVlbmVyLWVjb2xvZ3ktcHJvZHVjdGl2ZS10ZWFtd29yay1jb250cmlidXRlLW5hdHVyYWwtcHJlc2VydmF0aW9uLXN1c3RhaW5hYmxlLWZ1dHVyZS1xdWFpbnQtMS1zY2FsZWQuanBn\"\/>\n\t\t\t\t\t\t<img loading=\"lazy\" data-src=\"\/\/ees.ma\/wp-content\/uploads\/2025\/06\/2148576659.jpg\" data-libid=\"3963\" data-lib=\"medialibrary\" title=\"2148576659\" width=\"0\" height=\"0\" data-dbsrc=\"Ly9lZXMubWEvd3AtY29udGVudC91cGxvYWRzLzIwMjUvMDYvMjE0ODU3NjY1OS5qcGc=\"\/>\n\t\t\t\t\t\t<img loading=\"lazy\" data-src=\"\/\/ees.ma\/wp-content\/uploads\/2025\/06\/ecofriendly-building-modern-city-sustainable-glass-office-building-with-tree-reducing-co2-scaled.jpg\" data-libid=\"3962\" data-lib=\"medialibrary\" title=\"Eco-friendly building in the modern city. Sustainable glass offi\" width=\"0\" height=\"0\" data-dbsrc=\"Ly9lZXMubWEvd3AtY29udGVudC91cGxvYWRzLzIwMjUvMDYvZWNvZnJpZW5kbHktYnVpbGRpbmctbW9kZXJuLWNpdHktc3VzdGFpbmFibGUtZ2xhc3Mtb2ZmaWNlLWJ1aWxkaW5nLXdpdGgtdHJlZS1yZWR1Y2luZy1jbzItc2NhbGVkLmpwZw==\"\/>\n\t\t\t\t\t<\/image_lists>\n\t\t\t\t<\/sr7-module>\n\t\t\t\t<script>\n\t\t\t\t\tSR7.PMH ??={}; SR7.PMH[\"SR7_3_1\"] = {cn:0,state:false,fn: function() { if (_tpt!==undefined && _tpt.prepareModuleHeight !== undefined) {  _tpt.prepareModuleHeight({id:\"SR7_3_1\",el:[750,750,750,500,400],type:'standard',shdw:'0',gh:[750,750,750,500,400],gw:[1200,1200,1200,778,480],vpt:['100px&#039;,&#039;100px&#039;,&#039;100px&#039;,&#039;100px&#039;,&#039;100px'],size:{fullWidth:true, fullHeight:false},mh:'0',onh:0,onw:0,bg:{color:'{\"orig\":\"transparent\",\"type\":\"solid\",\"string\":\"transparent\"}'}});   SR7.PMH[\"SR7_3_1\"].state=true;} else if((SR7.PMH[\"SR7_3_1\"].cn++)<100)\tsetTimeout( SR7.PMH[\"SR7_3_1\"].fn,19);}};SR7.PMH[\"SR7_3_1\" ].fn();\n\t\t\t\t<\/script>\n<\/div>\n\n\t\t\t\t\t\t<\/div>\n\t\t\t\t<\/div>\n\t\t\t\t\t<\/div>\n\t\t\t\t<\/div>\n\t\t<div class=\"elementor-element elementor-element-17f8be8 e-flex e-con-boxed e-con e-parent\" data-id=\"17f8be8\" data-element_type=\"container\">\n\t\t\t\t\t<div class=\"e-con-inner\">\n\t\t<div class=\"elementor-element elementor-element-0107a6d e-con-full e-flex e-con e-child\" data-id=\"0107a6d\" data-element_type=\"container\">\n\t\t\t\t<div class=\"elementor-element elementor-element-c5c1585 elementor-widget elementor-widget-indostio-banner\" data-id=\"c5c1585\" data-element_type=\"widget\" data-widget_type=\"indostio-banner.default\">\n\t\t\t\t<div class=\"elementor-widget-container\">\n\t\t\t\t\t\t\t<div class=\"indostio-banner\">\r\n\t\t\t\t\t\t<img decoding=\"async\" src=\"https:\/\/ees.ma\/wp-content\/uploads\/2025\/06\/aaf@3x-scaled.png\" title=\"aaf@3x\" alt=\"aaf@3x\" loading=\"lazy\" \/>\t\t\t<div class=\"indostio-banner__content\">\r\n\t\t\t\t\t\t\t\t<div class=\"indostio-banner_title\"><span style=\"font-size:22px\">WE MAKE SUSTAINABILITY A DRIVER OF PERFORMANCE<\/span><\/div>\r\n\t\t\t<\/div>\r\n\t\t\t\t\t<\/div>\r\n\t\t\t\t\t\t<\/div>\n\t\t\t\t<\/div>\n\t\t\t\t<\/div>\n\t\t<div class=\"elementor-element elementor-element-5c13b09 e-con-full e-flex e-con e-child\" data-id=\"5c13b09\" data-element_type=\"container\">\n\t\t\t\t<div class=\"elementor-element elementor-element-5fa8ed7 elementor-widget elementor-widget-indostio-section-title\" data-id=\"5fa8ed7\" data-element_type=\"widget\" data-widget_type=\"indostio-section-title.default\">\n\t\t\t\t<div class=\"elementor-widget-container\">\n\t\t\t\t\t\t\t<div class=\"indostio-section-title\">\r\n\t\t\t\t<div class=\"indostio-section-title__content\">\r\n\t\t\t\t\t\t\t\t\t\t\t<span class=\"indostio-section-title_subheading\">Word from the Director\n<\/span>\r\n\t\t\t\t\t\t\t\t\t\t<h2 class=\"indostio-section-title_heading\">\r\n\t\t\t\t\t\t<span style=\"color:#92c251\">Eco <\/span>\n<span style=\"color:#1e6fb6\">Engineering<\/span>\n<span style=\"color:#000000\">S<\/span>olutions\t\t\t\t\t<\/h2>\r\n\t\t\t\t\t\t\t\t\t<\/div>\r\n\t\t\t\t\t\t\t<\/div>\r\n\t\t\t\t\t\t<\/div>\n\t\t\t\t<\/div>\n\t\t\t\t<div class=\"elementor-element elementor-element-3e36d3b elementor-widget elementor-widget-text-editor\" data-id=\"3e36d3b\" data-element_type=\"widget\" data-widget_type=\"text-editor.default\">\n\t\t\t\t<div class=\"elementor-widget-container\">\n\t\t\t\t\t\t\t\t\tSupports the ecological transition through training, advice, and sustainable construction.\n<br><br>\nCentre accr\u00e9dit\u00e9 ISEP, EES forme les professionnels \u00e0 l\u2019environnement et aide les organisations \u00e0 int\u00e9grer le d\u00e9veloppement durable dans leur strat\u00e9gie.\n<br><br>\nOur certified training courses combine expertise, impact and international recognition.\n<br><br>\nBecause every action counts, we believe in the strength of collective commitment to build a sustainable future.\n<br><br>\n<b>YOUNESS EL KARIMI<\/b>\nManaging Director - EES\t\t\t\t\t\t\t\t<\/div>\n\t\t\t\t<\/div>\n\t\t\t\t<\/div>\n\t\t\t\t\t<\/div>\n\t\t\t\t<\/div>\n\t\t\t\t<\/div>","protected":false},"excerpt":{"rendered":"<p>WE MAKE SUSTAINABILITY A DRIVER OF PERFORMANCE Mot du Directeur Eco Engineering Solutions Accompagne la transition \u00e9cologique \u00e0 travers la formation, le conseil, et la construction durable. Centre accr\u00e9dit\u00e9 ISEP, EES forme les professionnels \u00e0 l\u2019environnement et aide les organisations \u00e0 int\u00e9grer le d\u00e9veloppement durable dans leur strat\u00e9gie. Nos formations certifiantes allient expertise, impact et [&hellip;]<\/p>","protected":false},"author":1,"featured_media":0,"parent":0,"menu_order":0,"comment_status":"closed","ping_status":"closed","template":"","meta":{"footnotes":""},"class_list":["post-3980","page","type-page","status-publish","hentry"],"jetpack_sharing_enabled":true,"_links":{"self":[{"href":"https:\/\/ees.ma\/en_en\/wp-json\/wp\/v2\/pages\/3980","targetHints":{"allow":["GET"]}}],"collection":[{"href":"https:\/\/ees.ma\/en_en\/wp-json\/wp\/v2\/pages"}],"about":[{"href":"https:\/\/ees.ma\/en_en\/wp-json\/wp\/v2\/types\/page"}],"author":[{"embeddable":true,"href":"https:\/\/ees.ma\/en_en\/wp-json\/wp\/v2\/users\/1"}],"replies":[{"embeddable":true,"href":"https:\/\/ees.ma\/en_en\/wp-json\/wp\/v2\/comments?post=3980"}],"version-history":[{"count":55,"href":"https:\/\/ees.ma\/en_en\/wp-json\/wp\/v2\/pages\/3980\/revisions"}],"predecessor-version":[{"id":4670,"href":"https:\/\/ees.ma\/en_en\/wp-json\/wp\/v2\/pages\/3980\/revisions\/4670"}],"wp:attachment":[{"href":"https:\/\/ees.ma\/en_en\/wp-json\/wp\/v2\/media?parent=3980"}],"curies":[{"name":"wp","href":"https:\/\/api.w.org\/{rel}","templated":true}]}}