{"id":3890,"date":"2024-12-23T19:24:45","date_gmt":"2024-12-23T19:24:45","guid":{"rendered":"https:\/\/ees.ma\/?page_id=3890"},"modified":"2025-08-12T14:52:10","modified_gmt":"2025-08-12T14:52:10","slug":"batiment-genie-civil","status":"publish","type":"page","link":"https:\/\/ees.ma\/en_en\/batiment-genie-civil\/","title":{"rendered":"BUILDING &amp; CIVIL ENGINEERING"},"content":{"rendered":"<div data-elementor-type=\"wp-page\" data-elementor-id=\"3890\" class=\"elementor elementor-3890\">\n\t\t\t\t<div class=\"elementor-element elementor-element-6ae332c e-flex e-con-boxed e-con e-parent\" data-id=\"6ae332c\" data-element_type=\"container\">\n\t\t\t\t\t<div class=\"e-con-inner\">\n\t\t\t\t<div class=\"elementor-element elementor-element-cd24664 elementor-widget elementor-widget-slider_revolution\" data-id=\"cd24664\" data-element_type=\"widget\" data-widget_type=\"slider_revolution.default\">\n\t\t\t\t<div class=\"elementor-widget-container\">\n\t\t\t\t\t\n\t\t<div class=\"wp-block-themepunch-revslider\">\n\t\t\t\t<p class=\"rs-p-wp-fix\"><\/p>\n\t\t\t\t<sr7-module data-alias=\"home-v1-1\" data-id=\"3\" id=\"SR7_3_1\" class=\"rs-ov-hidden\" data-version=\"6.7.13\">\n\t\t\t\t\t<sr7-adjuster><\/sr7-adjuster>\n\t\t\t\t\t<sr7-content>\n\t\t\t\t\t\t<sr7-slide id=\"SR7_3_1-7\" data-key=\"7\">\n\t\t\t\t\t\t\t<sr7-bg id=\"SR7_3_1-7-13\" class=\"sr7-layer\"><noscript><img decoding=\"async\" src=\"https:\/\/ees.ma\/wp-content\/uploads\/2025\/06\/expansive-topdown-view-immersive-perspective-lush-grass-texture-scaled.jpg\" alt=\"\" title=\"Expansive Top-Down View Immersive Perspective of a Lush Grass Texture\"><\/noscript><\/sr7-bg>\n\t\t\t\t\t\t\t<sr7-txt id=\"SR7_3_1-7-7\" class=\"sr7-layer\">WE MAKE SUSTAINABILITY <br>A DRIVER OF PERFORMANCE<\/sr7-txt>\n\t\t\t\t\t\t\t<sr7-txt id=\"SR7_3_1-7-10\" class=\"sr7-layer\">01<\/sr7-txt>\n\t\t\t\t\t\t\t<sr7-txt id=\"SR7_3_1-7-11\" class=\"sr7-layer\">02<\/sr7-txt>\n\t\t\t\t\t\t\t<sr7-txt id=\"SR7_3_1-7-12\" class=\"sr7-layer\"><\/sr7-txt>\n\t\t\t\t\t\t<\/sr7-slide>\n\t\t\t\t\t\t<sr7-slide id=\"SR7_3_1-8\" data-key=\"8\">\n\t\t\t\t\t\t\t<sr7-bg id=\"SR7_3_1-8-13\" class=\"sr7-layer\"><noscript><img decoding=\"async\" src=\"https:\/\/ees.ma\/wp-content\/uploads\/2025\/06\/diverse-group-business-people-planning-business-marketing-with-environmental-responsibility-greener-ecology-productive-teamwork-contribute-natural-preservation-sustainable-future-quaint-1-scaled.jpg\" alt=\"\" title=\"Diverse group of business people planning Eco business marketing. Quaint\"><\/noscript><\/sr7-bg>\n\t\t\t\t\t\t\t<sr7-txt id=\"SR7_3_1-8-0\" class=\"sr7-layer\">Formations : <br>Building skills for a sustainable <br>and excellent future.<\/sr7-txt>\n\t\t\t\t\t\t\t<a id=\"SR7_3_1-8-1\" class=\"sr7-layer\" href=\"https:\/\/ees.ma\/en_en\/formations\/\" target=\"_self\">Read more <span class=\"indostio-svg-icon\" style=\"padding-left: 5px;font-size:80%\"> <svg xmlns=\"http:\/\/www.w3.org\/2000\/svg\" width=\"12\" height=\"12\" viewbox=\"0 0 12 12\" fill=\"none\"><path d=\"M11.3438 6.28125C11.5 6.125 11.5 5.90625 11.3438 5.75L6.78125 1.125C6.625 0.96875 6.375 0.96875 6.25 1.125L5.625 1.75C5.46875 1.875 5.46875 2.125 5.625 2.28125L9.3125 6L5.625 9.75C5.46875 9.90625 5.46875 10.125 5.625 10.2812L6.25 10.9062C6.375 11.0625 6.625 11.0625 6.78125 10.9062L11.3438 6.28125ZM6.34375 5.75L1.78125 1.125C1.625 0.96875 1.375 0.96875 1.25 1.125L0.625 1.75C0.46875 1.875 0.46875 2.125 0.625 2.28125L4.3125 6L0.625 9.75C0.46875 9.90625 0.46875 10.125 0.625 10.2812L1.25 10.9062C1.375 11.0625 1.625 11.0625 1.78125 10.9062L6.34375 6.28125C6.5 6.125 6.5 5.90625 6.34375 5.75Z\" fill=\"currentColor\"><\/path><\/svg>\t\t\t<\/span><\/a>\n\t\t\t\t\t\t\t<sr7-txt id=\"SR7_3_1-8-10\" class=\"sr7-layer\">02<\/sr7-txt>\n\t\t\t\t\t\t\t<sr7-txt id=\"SR7_3_1-8-11\" class=\"sr7-layer\">02<\/sr7-txt>\n\t\t\t\t\t\t\t<sr7-txt id=\"SR7_3_1-8-12\" class=\"sr7-layer\"><\/sr7-txt>\n\t\t\t\t\t\t<\/sr7-slide>\n\t\t\t\t\t\t<sr7-slide id=\"SR7_3_1-11\" data-key=\"11\">\n\t\t\t\t\t\t\t<sr7-bg id=\"SR7_3_1-11-13\" class=\"sr7-layer\"><noscript><img decoding=\"async\" src=\"https:\/\/ees.ma\/wp-content\/uploads\/2025\/06\/2148576659.jpg\" alt=\"\" title=\"2148576659\"><\/noscript><\/sr7-bg>\n\t\t\t\t\t\t\t<sr7-txt id=\"SR7_3_1-11-0\" class=\"sr7-layer\">Consulting : <br>Guiding your path to<br> sustainability with impact.<\/sr7-txt>\n\t\t\t\t\t\t\t<a id=\"SR7_3_1-11-1\" class=\"sr7-layer\" href=\"https:\/\/ees.ma\/en_en\/consulting\/\" target=\"_self\">Read more <span class=\"indostio-svg-icon\" style=\"padding-left: 5px;font-size:80%\"> <svg xmlns=\"http:\/\/www.w3.org\/2000\/svg\" width=\"12\" height=\"12\" viewbox=\"0 0 12 12\" fill=\"none\"><path d=\"M11.3438 6.28125C11.5 6.125 11.5 5.90625 11.3438 5.75L6.78125 1.125C6.625 0.96875 6.375 0.96875 6.25 1.125L5.625 1.75C5.46875 1.875 5.46875 2.125 5.625 2.28125L9.3125 6L5.625 9.75C5.46875 9.90625 5.46875 10.125 5.625 10.2812L6.25 10.9062C6.375 11.0625 6.625 11.0625 6.78125 10.9062L11.3438 6.28125ZM6.34375 5.75L1.78125 1.125C1.625 0.96875 1.375 0.96875 1.25 1.125L0.625 1.75C0.46875 1.875 0.46875 2.125 0.625 2.28125L4.3125 6L0.625 9.75C0.46875 9.90625 0.46875 10.125 0.625 10.2812L1.25 10.9062C1.375 11.0625 1.625 11.0625 1.78125 10.9062L6.34375 6.28125C6.5 6.125 6.5 5.90625 6.34375 5.75Z\" fill=\"currentColor\"><\/path><\/svg>\t\t\t<\/span><\/a>\n\t\t\t\t\t\t\t<sr7-txt id=\"SR7_3_1-11-10\" class=\"sr7-layer\">02<\/sr7-txt>\n\t\t\t\t\t\t\t<sr7-txt id=\"SR7_3_1-11-11\" class=\"sr7-layer\">02<\/sr7-txt>\n\t\t\t\t\t\t\t<sr7-txt id=\"SR7_3_1-11-12\" class=\"sr7-layer\"><\/sr7-txt>\n\t\t\t\t\t\t<\/sr7-slide>\n\t\t\t\t\t\t<sr7-slide id=\"SR7_3_1-12\" data-key=\"12\">\n\t\t\t\t\t\t\t<sr7-bg id=\"SR7_3_1-12-14\" class=\"sr7-layer\"><noscript><img decoding=\"async\" src=\"https:\/\/ees.ma\/wp-content\/uploads\/2025\/06\/ecofriendly-building-modern-city-sustainable-glass-office-building-with-tree-reducing-co2-scaled.jpg\" alt=\"\" title=\"Eco-friendly building in the modern city. Sustainable glass offi\"><\/noscript><\/sr7-bg>\n\t\t\t\t\t\t\t<sr7-txt id=\"SR7_3_1-12-0\" class=\"sr7-layer\">Building and GC: <br>Eco-engineering the <br>foundations of tomorrow.<\/sr7-txt>\n\t\t\t\t\t\t\t<a id=\"SR7_3_1-12-1\" class=\"sr7-layer\" href=\"https:\/\/ees.ma\/en_en\/batiment-genie-civil\/\" target=\"_self\">Read more <span class=\"indostio-svg-icon\" style=\"padding-left: 5px;font-size:80%\"> <svg xmlns=\"http:\/\/www.w3.org\/2000\/svg\" width=\"12\" height=\"12\" viewbox=\"0 0 12 12\" fill=\"none\"><path d=\"M11.3438 6.28125C11.5 6.125 11.5 5.90625 11.3438 5.75L6.78125 1.125C6.625 0.96875 6.375 0.96875 6.25 1.125L5.625 1.75C5.46875 1.875 5.46875 2.125 5.625 2.28125L9.3125 6L5.625 9.75C5.46875 9.90625 5.46875 10.125 5.625 10.2812L6.25 10.9062C6.375 11.0625 6.625 11.0625 6.78125 10.9062L11.3438 6.28125ZM6.34375 5.75L1.78125 1.125C1.625 0.96875 1.375 0.96875 1.25 1.125L0.625 1.75C0.46875 1.875 0.46875 2.125 0.625 2.28125L4.3125 6L0.625 9.75C0.46875 9.90625 0.46875 10.125 0.625 10.2812L1.25 10.9062C1.375 11.0625 1.625 11.0625 1.78125 10.9062L6.34375 6.28125C6.5 6.125 6.5 5.90625 6.34375 5.75Z\" fill=\"currentColor\"><\/path><\/svg>\t\t\t<\/span><\/a>\n\t\t\t\t\t\t\t<sr7-txt id=\"SR7_3_1-12-10\" class=\"sr7-layer\">02<\/sr7-txt>\n\t\t\t\t\t\t\t<sr7-txt id=\"SR7_3_1-12-11\" class=\"sr7-layer\">02<\/sr7-txt>\n\t\t\t\t\t\t\t<sr7-txt id=\"SR7_3_1-12-12\" class=\"sr7-layer\"><\/sr7-txt>\n\t\t\t\t\t\t<\/sr7-slide>\n\t\t\t\t\t\t<sr7-slide id=\"SR7_3_1-9\" data-key=\"9\">\n\t\t\t\t\t\t<\/sr7-slide>\n\t\t\t\t\t<\/sr7-content>\n\t\t\t\t\t<image_lists style=\"display:none\">\n\t\t\t\t\t\t<img data-src=\"\/\/ees.ma\/wp-content\/uploads\/2025\/06\/Fichier-3@4x.png\" data-libid=\"4486\" data-lib=\"medialibrary\" title=\"Fichier-3@4x\" width=\"0\" height=\"0\" data-dbsrc=\"Ly9lZXMubWEvd3AtY29udGVudC91cGxvYWRzLzIwMjUvMDYvRmljaGllci0zQDR4LnBuZw==\"\/>\n\t\t\t\t\t\t<img data-src=\"\/\/ees.ma\/wp-content\/uploads\/2024\/12\/Fichier-2@4x.png\" data-libid=\"3888\" data-lib=\"medialibrary\" title=\"Fichier 2@4x\" width=\"0\" height=\"0\" data-dbsrc=\"Ly9lZXMubWEvd3AtY29udGVudC91cGxvYWRzLzIwMjQvMTIvRmljaGllci0yQDR4LnBuZw==\"\/>\n\t\t\t\t\t\t<img data-src=\"\/\/ees.ma\/wp-content\/uploads\/2024\/12\/Fichier-1@4x.png\" data-libid=\"3887\" data-lib=\"medialibrary\" title=\"Fichier 1@4x\" width=\"0\" height=\"0\" data-dbsrc=\"Ly9lZXMubWEvd3AtY29udGVudC91cGxvYWRzLzIwMjQvMTIvRmljaGllci0xQDR4LnBuZw==\"\/>\n\t\t\t\t\t\t<img loading=\"lazy\" data-src=\"\/\/ees.ma\/wp-content\/uploads\/2025\/06\/expansive-topdown-view-immersive-perspective-lush-grass-texture-scaled.jpg\" data-libid=\"4087\" data-lib=\"medialibrary\" title=\"Expansive Top-Down View Immersive Perspective of a Lush Grass Texture\" width=\"0\" height=\"0\" data-dbsrc=\"Ly9lZXMubWEvd3AtY29udGVudC91cGxvYWRzLzIwMjUvMDYvZXhwYW5zaXZlLXRvcGRvd24tdmlldy1pbW1lcnNpdmUtcGVyc3BlY3RpdmUtbHVzaC1ncmFzcy10ZXh0dXJlLXNjYWxlZC5qcGc=\"\/>\n\t\t\t\t\t\t<img loading=\"lazy\" data-src=\"\/\/ees.ma\/wp-content\/uploads\/2025\/06\/diverse-group-business-people-planning-business-marketing-with-environmental-responsibility-greener-ecology-productive-teamwork-contribute-natural-preservation-sustainable-future-quaint-1-scaled.jpg\" data-libid=\"3964\" data-lib=\"medialibrary\" title=\"Diverse group of business people planning Eco business marketing. Quaint\" width=\"0\" height=\"0\" data-dbsrc=\"Ly9lZXMubWEvd3AtY29udGVudC91cGxvYWRzLzIwMjUvMDYvZGl2ZXJzZS1ncm91cC1idXNpbmVzcy1wZW9wbGUtcGxhbm5pbmctYnVzaW5lc3MtbWFya2V0aW5nLXdpdGgtZW52aXJvbm1lbnRhbC1yZXNwb25zaWJpbGl0eS1ncmVlbmVyLWVjb2xvZ3ktcHJvZHVjdGl2ZS10ZWFtd29yay1jb250cmlidXRlLW5hdHVyYWwtcHJlc2VydmF0aW9uLXN1c3RhaW5hYmxlLWZ1dHVyZS1xdWFpbnQtMS1zY2FsZWQuanBn\"\/>\n\t\t\t\t\t\t<img loading=\"lazy\" data-src=\"\/\/ees.ma\/wp-content\/uploads\/2025\/06\/2148576659.jpg\" data-libid=\"3963\" data-lib=\"medialibrary\" title=\"2148576659\" width=\"0\" height=\"0\" data-dbsrc=\"Ly9lZXMubWEvd3AtY29udGVudC91cGxvYWRzLzIwMjUvMDYvMjE0ODU3NjY1OS5qcGc=\"\/>\n\t\t\t\t\t\t<img loading=\"lazy\" data-src=\"\/\/ees.ma\/wp-content\/uploads\/2025\/06\/ecofriendly-building-modern-city-sustainable-glass-office-building-with-tree-reducing-co2-scaled.jpg\" data-libid=\"3962\" data-lib=\"medialibrary\" title=\"Eco-friendly building in the modern city. Sustainable glass offi\" width=\"0\" height=\"0\" data-dbsrc=\"Ly9lZXMubWEvd3AtY29udGVudC91cGxvYWRzLzIwMjUvMDYvZWNvZnJpZW5kbHktYnVpbGRpbmctbW9kZXJuLWNpdHktc3VzdGFpbmFibGUtZ2xhc3Mtb2ZmaWNlLWJ1aWxkaW5nLXdpdGgtdHJlZS1yZWR1Y2luZy1jbzItc2NhbGVkLmpwZw==\"\/>\n\t\t\t\t\t<\/image_lists>\n\t\t\t\t<\/sr7-module>\n\t\t\t\t<script>\n\t\t\t\t\tSR7.PMH ??={}; SR7.PMH[\"SR7_3_1\"] = {cn:0,state:false,fn: function() { if (_tpt!==undefined && _tpt.prepareModuleHeight !== undefined) {  _tpt.prepareModuleHeight({id:\"SR7_3_1\",el:[750,750,750,500,400],type:'standard',shdw:'0',gh:[750,750,750,500,400],gw:[1200,1200,1200,778,480],vpt:['100px&#039;,&#039;100px&#039;,&#039;100px&#039;,&#039;100px&#039;,&#039;100px'],size:{fullWidth:true, fullHeight:false},mh:'0',onh:0,onw:0,bg:{color:'{\"orig\":\"transparent\",\"type\":\"solid\",\"string\":\"transparent\"}'}});   SR7.PMH[\"SR7_3_1\"].state=true;} else if((SR7.PMH[\"SR7_3_1\"].cn++)<100)\tsetTimeout( SR7.PMH[\"SR7_3_1\"].fn,19);}};SR7.PMH[\"SR7_3_1\" ].fn();\n\t\t\t\t<\/script>\n<\/div>\n\n\t\t\t\t\t\t<\/div>\n\t\t\t\t<\/div>\n\t\t\t\t\t<\/div>\n\t\t\t\t<\/div>\n\t\t<div class=\"elementor-element elementor-element-01ec32f e-flex e-con-boxed e-con e-parent\" data-id=\"01ec32f\" data-element_type=\"container\">\n\t\t\t\t\t<div class=\"e-con-inner\">\n\t\t\t\t<div class=\"elementor-element elementor-element-1471a70 elementor-widget elementor-widget-indostio-section-title\" data-id=\"1471a70\" data-element_type=\"widget\" data-widget_type=\"indostio-section-title.default\">\n\t\t\t\t<div class=\"elementor-widget-container\">\n\t\t\t\t\t\t\t<div class=\"indostio-section-title\">\r\n\t\t\t\t<div class=\"indostio-section-title__content\">\r\n\t\t\t\t\t\t\t\t\t\t\t<span class=\"indostio-section-title_subheading\">Our Services<\/span>\r\n\t\t\t\t\t\t\t\t\t\t<h4 class=\"indostio-section-title_heading\">\r\n\t\t\t\t\t\tWe provide personalized support and tailor-made solutions for the implementation of your projects, adapted to your specific needs, in order to guarantee their success and contribute to a more sustainable future.\t\t\t\t\t<\/h4>\r\n\t\t\t\t\t\t\t\t\t<\/div>\r\n\t\t\t\t\t\t\t<\/div>\r\n\t\t\t\t\t\t<\/div>\n\t\t\t\t<\/div>\n\t\t\t\t\t<\/div>\n\t\t\t\t<\/div>\n\t\t<div class=\"elementor-element elementor-element-58f76c0 e-con-full e-flex e-con e-parent\" data-id=\"58f76c0\" data-element_type=\"container\">\n\t\t<div class=\"elementor-element elementor-element-c967681 e-con-full e-flex e-con e-child\" data-id=\"c967681\" data-element_type=\"container\">\n\t\t\t\t<div class=\"elementor-element elementor-element-5c68ae5 indostio-image-box__image-position--left elementor-widget elementor-widget-indostio-image-box\" data-id=\"5c68ae5\" data-element_type=\"widget\" data-widget_type=\"indostio-image-box.default\">\n\t\t\t\t<div class=\"elementor-widget-container\">\n\t\t\t\t\t\t\t<div class=\"indostio-image-box\">\r\n\t\t\t<div class=\"indostio-image-box__thumbnail\">\r\n\t\t\t\t<img loading=\"lazy\" decoding=\"async\" width=\"1536\" height=\"1024\" src=\"https:\/\/ees.ma\/wp-content\/uploads\/2024\/08\/construction-1536x1024.jpg\" class=\"attachment-1536x1536 size-1536x1536 wp-image-3745\" alt=\"\" srcset=\"https:\/\/ees.ma\/wp-content\/uploads\/2024\/08\/construction-1536x1024.jpg 1536w, https:\/\/ees.ma\/wp-content\/uploads\/2024\/08\/construction-300x200.jpg 300w, https:\/\/ees.ma\/wp-content\/uploads\/2024\/08\/construction-1024x683.jpg 1024w, https:\/\/ees.ma\/wp-content\/uploads\/2024\/08\/construction-768x512.jpg 768w, https:\/\/ees.ma\/wp-content\/uploads\/2024\/08\/construction-2048x1365.jpg 2048w, https:\/\/ees.ma\/wp-content\/uploads\/2024\/08\/construction-1320x880.jpg 1320w, https:\/\/ees.ma\/wp-content\/uploads\/2024\/08\/construction-600x400.jpg 600w\" sizes=\"(max-width: 1536px) 100vw, 1536px\" \/>\t\t\t<\/div>\r\n\t\t\t<div class=\"indostio-image-box__content\">\r\n\t\t\t\t<div class=\"indostio-image-box__wrapper\">\r\n\t\t\t\t\t\t\t\t\t\t\t<div class=\"indostio-image-box__number\">01<\/div>\r\n\t\t\t\t\t\t\t\t\t\t<div class=\"indostio-image-box__head\">\r\n\t\t\t\t\t\t\t\t\t\t\t\t\t\t\t\t\t\t\t<h6 class=\"indostio-image-box__title\">BUILDING &amp; CIVIL ENGINEERING <\/h6>\r\n\t\t\t\t\t\t\t\t\t\t\t<\/div>\r\n\t\t\t\t\t\t\t\t\t\t\t<div class=\"indostio-image-box__description\">Whatever your project, our team of professionals puts their skills and know-how at your service. From construction to renovation of the building, we can intervene quickly, safely and offer you a solution adapted to your needs in all of the following:<br><br>\n<ul>\n<li>Construction of all building trades<\/li>\n<li>Exterior design<\/li>\n<li>Layout<\/li>\n<li>Miscellaneous work<\/li>\n<\/ul><\/div>\r\n\t\t\t\t\t\t\t\t\t\t\t\t\t\t<\/div>\r\n\t\t\t<\/div>\r\n\t\t\t<\/a>\t\t<\/div>\r\n\t\t\t\t\t\t<\/div>\n\t\t\t\t<\/div>\n\t\t\t\t<\/div>\n\t\t\t\t<\/div>\n\t\t<div class=\"elementor-element elementor-element-5f2941a e-flex e-con-boxed e-con e-parent\" data-id=\"5f2941a\" data-element_type=\"container\" data-settings=\"{&quot;background_background&quot;:&quot;classic&quot;}\">\n\t\t\t\t\t<div class=\"e-con-inner\">\n\t\t<div class=\"elementor-element elementor-element-32c96b0e e-con-full e-flex e-con e-child\" data-id=\"32c96b0e\" data-element_type=\"container\">\n\t\t\t\t<div class=\"elementor-element elementor-element-2f38e734 elementor-widget-tablet__width-inherit elementor-widget elementor-widget-indostio-section-title\" data-id=\"2f38e734\" data-element_type=\"widget\" data-widget_type=\"indostio-section-title.default\">\n\t\t\t\t<div class=\"elementor-widget-container\">\n\t\t\t\t\t\t\t<div class=\"indostio-section-title\">\r\n\t\t\t\t<div class=\"indostio-section-title__content\">\r\n\t\t\t\t\t\t\t\t\t\t\t<span class=\"indostio-section-title_subheading\">Our Customers<\/span>\r\n\t\t\t\t\t\t\t\t\t\t<h2 class=\"indostio-section-title_heading\">\r\n\t\t\t\t\t\t\n\n\n\n\n\t\t\t\t\t<\/h2>\r\n\t\t\t\t\t\t\t\t\t<\/div>\r\n\t\t\t\t\t\t\t<\/div>\r\n\t\t\t\t\t\t<\/div>\n\t\t\t\t<\/div>\n\t\t\t\t<\/div>\n\t\t<div class=\"elementor-element elementor-element-3fd13e01 e-con-full e-flex e-con e-child\" data-id=\"3fd13e01\" data-element_type=\"container\">\n\t\t\t\t<div class=\"elementor-element elementor-element-4754c225 elementor-widget-mobile__width-initial elementor-widget elementor-widget-image\" data-id=\"4754c225\" data-element_type=\"widget\" data-widget_type=\"image.default\">\n\t\t\t\t<div class=\"elementor-widget-container\">\n\t\t\t\t\t\t\t\t\t\t\t\t\t\t\t<img loading=\"lazy\" decoding=\"async\" width=\"300\" height=\"133\" src=\"https:\/\/ees.ma\/wp-content\/uploads\/2024\/07\/b-300x133.png\" class=\"attachment-medium size-medium wp-image-3436\" alt=\"\" srcset=\"https:\/\/ees.ma\/wp-content\/uploads\/2024\/07\/b-300x133.png 300w, https:\/\/ees.ma\/wp-content\/uploads\/2024\/07\/b.png 430w\" sizes=\"(max-width: 300px) 100vw, 300px\" \/>\t\t\t\t\t\t\t\t\t\t\t\t\t\t\t<\/div>\n\t\t\t\t<\/div>\n\t\t\t\t<div class=\"elementor-element elementor-element-381a5bf5 elementor-widget-mobile__width-initial elementor-widget elementor-widget-image\" data-id=\"381a5bf5\" data-element_type=\"widget\" data-widget_type=\"image.default\">\n\t\t\t\t<div class=\"elementor-widget-container\">\n\t\t\t\t\t\t\t\t\t\t\t\t\t\t\t<img loading=\"lazy\" decoding=\"async\" width=\"300\" height=\"128\" src=\"https:\/\/ees.ma\/wp-content\/uploads\/2024\/07\/a-300x128.png\" class=\"attachment-medium size-medium wp-image-3435\" alt=\"\" srcset=\"https:\/\/ees.ma\/wp-content\/uploads\/2024\/07\/a-300x128.png 300w, https:\/\/ees.ma\/wp-content\/uploads\/2024\/07\/a.png 478w\" sizes=\"(max-width: 300px) 100vw, 300px\" \/>\t\t\t\t\t\t\t\t\t\t\t\t\t\t\t<\/div>\n\t\t\t\t<\/div>\n\t\t\t\t<div class=\"elementor-element elementor-element-51f7c345 elementor-widget-mobile__width-initial elementor-widget elementor-widget-image\" data-id=\"51f7c345\" data-element_type=\"widget\" data-widget_type=\"image.default\">\n\t\t\t\t<div class=\"elementor-widget-container\">\n\t\t\t\t\t\t\t\t\t\t\t\t\t\t\t<img loading=\"lazy\" decoding=\"async\" width=\"362\" height=\"116\" src=\"https:\/\/ees.ma\/wp-content\/uploads\/2024\/07\/c.png\" class=\"attachment-large size-large wp-image-3437\" alt=\"\" srcset=\"https:\/\/ees.ma\/wp-content\/uploads\/2024\/07\/c.png 362w, https:\/\/ees.ma\/wp-content\/uploads\/2024\/07\/c-300x96.png 300w\" sizes=\"(max-width: 362px) 100vw, 362px\" \/>\t\t\t\t\t\t\t\t\t\t\t\t\t\t\t<\/div>\n\t\t\t\t<\/div>\n\t\t\t\t<div class=\"elementor-element elementor-element-552e0c84 elementor-widget-mobile__width-initial elementor-widget elementor-widget-image\" data-id=\"552e0c84\" data-element_type=\"widget\" data-widget_type=\"image.default\">\n\t\t\t\t<div class=\"elementor-widget-container\">\n\t\t\t\t\t\t\t\t\t\t\t\t\t\t\t<img loading=\"lazy\" decoding=\"async\" width=\"640\" height=\"160\" src=\"https:\/\/ees.ma\/wp-content\/uploads\/2024\/07\/d-768x192.png\" class=\"attachment-medium_large size-medium_large wp-image-3438\" alt=\"\" srcset=\"https:\/\/ees.ma\/wp-content\/uploads\/2024\/07\/d-768x192.png 768w, https:\/\/ees.ma\/wp-content\/uploads\/2024\/07\/d-300x75.png 300w, https:\/\/ees.ma\/wp-content\/uploads\/2024\/07\/d-600x150.png 600w, https:\/\/ees.ma\/wp-content\/uploads\/2024\/07\/d.png 1010w\" sizes=\"(max-width: 640px) 100vw, 640px\" \/>\t\t\t\t\t\t\t\t\t\t\t\t\t\t\t<\/div>\n\t\t\t\t<\/div>\n\t\t\t\t<div class=\"elementor-element elementor-element-3a85b8a7 elementor-widget-mobile__width-initial elementor-widget elementor-widget-image\" data-id=\"3a85b8a7\" data-element_type=\"widget\" data-widget_type=\"image.default\">\n\t\t\t\t<div class=\"elementor-widget-container\">\n\t\t\t\t\t\t\t\t\t\t\t\t\t\t\t<img loading=\"lazy\" decoding=\"async\" width=\"150\" height=\"150\" src=\"https:\/\/ees.ma\/wp-content\/uploads\/2024\/07\/e-150x150.png\" class=\"attachment-thumbnail size-thumbnail wp-image-3439\" alt=\"\" srcset=\"https:\/\/ees.ma\/wp-content\/uploads\/2024\/07\/e-150x150.png 150w, https:\/\/ees.ma\/wp-content\/uploads\/2024\/07\/e-100x100.png 100w, https:\/\/ees.ma\/wp-content\/uploads\/2024\/07\/e.png 202w\" sizes=\"(max-width: 150px) 100vw, 150px\" \/>\t\t\t\t\t\t\t\t\t\t\t\t\t\t\t<\/div>\n\t\t\t\t<\/div>\n\t\t\t\t<\/div>\n\t\t\t\t\t<\/div>\n\t\t\t\t<\/div>\n\t\t<div class=\"elementor-element elementor-element-7ad09768 e-flex e-con-boxed e-con e-parent\" data-id=\"7ad09768\" data-element_type=\"container\" data-settings=\"{&quot;background_background&quot;:&quot;classic&quot;}\">\n\t\t\t\t\t<div class=\"e-con-inner\">\n\t\t<div class=\"elementor-element elementor-element-61df58c9 e-con-full e-grid e-con e-child\" data-id=\"61df58c9\" data-element_type=\"container\">\n\t\t\t\t<div class=\"elementor-element elementor-element-7a178d7a elementor-widget-tablet__width-inherit elementor-widget__width-initial elementor-widget elementor-widget-indostio-section-title\" data-id=\"7a178d7a\" data-element_type=\"widget\" data-widget_type=\"indostio-section-title.default\">\n\t\t\t\t<div class=\"elementor-widget-container\">\n\t\t\t\t\t\t\t<div class=\"indostio-section-title\">\r\n\t\t\t\t<div class=\"indostio-section-title__content\">\r\n\t\t\t\t\t\t\t\t\t\t\t<span class=\"indostio-section-title_subheading\"> Our Accreditations<\/span>\r\n\t\t\t\t\t\t\t\t\t\t<span class=\"indostio-section-title_heading\">\r\n\t\t\t\t\t\t<br><b>The Institute of Sustainability and Environmental Professionals (ISEP) is the global membership body that sets the standard for anyone wanting sustainable change that delivers for the environment, society and the economy.<\/b>\n\n\t\t\t\t\t<\/span>\r\n\t\t\t\t\t\t\t\t\t<\/div>\r\n\t\t\t\t\t\t\t<\/div>\r\n\t\t\t\t\t\t<\/div>\n\t\t\t\t<\/div>\n\t\t<div class=\"elementor-element elementor-element-6611d40d e-grid e-con-full e-con e-child\" data-id=\"6611d40d\" data-element_type=\"container\">\n\t\t\t\t<div class=\"elementor-element elementor-element-c14dba0 elementor-widget elementor-widget-image\" data-id=\"c14dba0\" data-element_type=\"widget\" data-widget_type=\"image.default\">\n\t\t\t\t<div class=\"elementor-widget-container\">\n\t\t\t\t\t\t\t\t\t\t\t\t\t\t\t<img loading=\"lazy\" decoding=\"async\" width=\"300\" height=\"128\" src=\"https:\/\/ees.ma\/wp-content\/uploads\/2025\/08\/WhatsApp-Image-2025-08-05-at-16.30.39-300x128.jpeg\" class=\"attachment-medium size-medium wp-image-4651\" alt=\"\" srcset=\"https:\/\/ees.ma\/wp-content\/uploads\/2025\/08\/WhatsApp-Image-2025-08-05-at-16.30.39-300x128.jpeg 300w, https:\/\/ees.ma\/wp-content\/uploads\/2025\/08\/WhatsApp-Image-2025-08-05-at-16.30.39-1024x436.jpeg 1024w, https:\/\/ees.ma\/wp-content\/uploads\/2025\/08\/WhatsApp-Image-2025-08-05-at-16.30.39-768x327.jpeg 768w, https:\/\/ees.ma\/wp-content\/uploads\/2025\/08\/WhatsApp-Image-2025-08-05-at-16.30.39-18x8.jpeg 18w, https:\/\/ees.ma\/wp-content\/uploads\/2025\/08\/WhatsApp-Image-2025-08-05-at-16.30.39-600x256.jpeg 600w, https:\/\/ees.ma\/wp-content\/uploads\/2025\/08\/WhatsApp-Image-2025-08-05-at-16.30.39.jpeg 1214w\" sizes=\"(max-width: 300px) 100vw, 300px\" \/>\t\t\t\t\t\t\t\t\t\t\t\t\t\t\t<\/div>\n\t\t\t\t<\/div>\n\t\t\t\t<div class=\"elementor-element elementor-element-133d850f elementor-widget elementor-widget-image\" data-id=\"133d850f\" data-element_type=\"widget\" data-widget_type=\"image.default\">\n\t\t\t\t<div class=\"elementor-widget-container\">\n\t\t\t\t\t\t\t\t\t\t\t\t\t\t\t<img loading=\"lazy\" decoding=\"async\" width=\"150\" height=\"150\" src=\"https:\/\/ees.ma\/wp-content\/uploads\/2025\/08\/WhatsApp-Image-2025-08-05-at-16.29.47-150x150.jpeg\" class=\"attachment-thumbnail size-thumbnail wp-image-4652\" alt=\"\" srcset=\"https:\/\/ees.ma\/wp-content\/uploads\/2025\/08\/WhatsApp-Image-2025-08-05-at-16.29.47-150x150.jpeg 150w, https:\/\/ees.ma\/wp-content\/uploads\/2025\/08\/WhatsApp-Image-2025-08-05-at-16.29.47-300x300.jpeg 300w, https:\/\/ees.ma\/wp-content\/uploads\/2025\/08\/WhatsApp-Image-2025-08-05-at-16.29.47-12x12.jpeg 12w, https:\/\/ees.ma\/wp-content\/uploads\/2025\/08\/WhatsApp-Image-2025-08-05-at-16.29.47-100x100.jpeg 100w, https:\/\/ees.ma\/wp-content\/uploads\/2025\/08\/WhatsApp-Image-2025-08-05-at-16.29.47.jpeg 354w\" sizes=\"(max-width: 150px) 100vw, 150px\" \/>\t\t\t\t\t\t\t\t\t\t\t\t\t\t\t<\/div>\n\t\t\t\t<\/div>\n\t\t\t\t<\/div>\n\t\t\t\t<\/div>\n\t\t\t\t\t<\/div>\n\t\t\t\t<\/div>\n\t\t\t\t<\/div>","protected":false},"excerpt":{"rendered":"<p>Nos Services Nous assurons un accompagnement personnalis\u00e9 et des solutions sur mesure pour la mise en \u0153uvre de vos projets, adapt\u00e9s \u00e0 vos besoins sp\u00e9cifiques, afin de garantir leur succ\u00e8s et contribuer \u00e0 un avenir plus durable. 01 BATIMENT &amp; GENIE CIVIL Quel que soit votre projet, notre \u00e9quipe de professionnels met ses comp\u00e9tences et [&hellip;]<\/p>","protected":false},"author":1,"featured_media":0,"parent":0,"menu_order":0,"comment_status":"closed","ping_status":"closed","template":"","meta":{"footnotes":""},"class_list":["post-3890","page","type-page","status-publish","hentry"],"jetpack_sharing_enabled":true,"_links":{"self":[{"href":"https:\/\/ees.ma\/en_en\/wp-json\/wp\/v2\/pages\/3890","targetHints":{"allow":["GET"]}}],"collection":[{"href":"https:\/\/ees.ma\/en_en\/wp-json\/wp\/v2\/pages"}],"about":[{"href":"https:\/\/ees.ma\/en_en\/wp-json\/wp\/v2\/types\/page"}],"author":[{"embeddable":true,"href":"https:\/\/ees.ma\/en_en\/wp-json\/wp\/v2\/users\/1"}],"replies":[{"embeddable":true,"href":"https:\/\/ees.ma\/en_en\/wp-json\/wp\/v2\/comments?post=3890"}],"version-history":[{"count":28,"href":"https:\/\/ees.ma\/en_en\/wp-json\/wp\/v2\/pages\/3890\/revisions"}],"predecessor-version":[{"id":4684,"href":"https:\/\/ees.ma\/en_en\/wp-json\/wp\/v2\/pages\/3890\/revisions\/4684"}],"wp:attachment":[{"href":"https:\/\/ees.ma\/en_en\/wp-json\/wp\/v2\/media?parent=3890"}],"curies":[{"name":"wp","href":"https:\/\/api.w.org\/{rel}","templated":true}]}}